{"id":7998,"date":"2020-11-02T11:26:13","date_gmt":"2020-11-02T10:26:13","guid":{"rendered":"https:\/\/medilogisticsystems.com\/?page_id=7998"},"modified":"2025-07-30T16:13:37","modified_gmt":"2025-07-30T14:13:37","slug":"das-unternehmen","status":"publish","type":"page","link":"https:\/\/medilogisticsystems.com\/en\/das-unternehmen\/","title":{"rendered":"The Company"},"content":{"rendered":"<section class=\"l-section wpb_row us_custom_9e96d0eb height_medium\"><div class=\"l-section-h i-cf\"><div class=\"g-cols vc_row via_flex valign_top type_default stacking_default\"><div class=\"vc_col-sm-12 wpb_column vc_column_container\"><div class=\"vc_column-inner\"><div class=\"wpb_wrapper\">\n\t\t\t<!-- START Das Unternehmen Slider responsive englisch REVOLUTION SLIDER 6.7.41 --><p class=\"rs-p-wp-fix\"><\/p>\n\t\t\t<rs-module-wrap id=\"rev_slider_39_1_wrapper\" data-source=\"gallery\" style=\"visibility:hidden;background:transparent;padding:0;margin:0px auto;margin-top:0;margin-bottom:0;\">\n\t\t\t\t<rs-module id=\"rev_slider_39_1\" style=\"\" data-version=\"6.7.41\">\n\t\t\t\t\t<rs-slides style=\"overflow: hidden; position: absolute;\">\n\t\t\t\t\t\t<rs-slide style=\"position: absolute;\" data-key=\"rs-65\" data-title=\"Slide\" data-anim=\"adpr:false;ms:600;\" data-in=\"o:0;\" data-out=\"a:false;\">\n\t\t\t\t\t\t\t<img decoding=\"async\" src=\"\/\/medilogisticsystems.com\/wp-content\/plugins\/revslider\/sr6\/assets\/assets\/dummy.png\" alt=\"\" title=\"Banner-Ohlro\" width=\"2400\" height=\"700\" class=\"rev-slidebg tp-rs-img rs-lazyload\" data-lazyload=\"\/\/medilogisticsystems.com\/wp-content\/uploads\/sites\/3\/2020\/11\/Banner-Ohlro.jpg\" data-bg=\"p:70% 0%;\" data-no-retina>\n<!--\n\t\t\t\t\t\t\t--><rs-layer\n\t\t\t\t\t\t\t\tid=\"slider-39-slide-65-layer-0\" \n\t\t\t\t\t\t\t\tdata-type=\"shape\"\n\t\t\t\t\t\t\t\tdata-rsp_ch=\"on\"\n\t\t\t\t\t\t\t\tdata-xy=\"x:l,l,c,c;y:b;yo:0,0,-5px,-5px;\"\n\t\t\t\t\t\t\t\tdata-text=\"w:normal;s:20,16,12,9;l:0,20,15,11;\"\n\t\t\t\t\t\t\t\tdata-dim=\"w:90%;h:230px,189px,230px,230px;\"\n\t\t\t\t\t\t\t\tdata-vbility=\"f,f,t,t\"\n\t\t\t\t\t\t\t\tdata-frame_999=\"o:0;st:w;\"\n\t\t\t\t\t\t\t\tstyle=\"z-index:8;background-color:#233568;\"\n\t\t\t\t\t\t\t> \n\t\t\t\t\t\t\t<\/rs-layer><!--\n\n\t\t\t\t\t\t\t--><rs-layer\n\t\t\t\t\t\t\t\tid=\"slider-39-slide-65-layer-1\" \n\t\t\t\t\t\t\t\tclass=\"tp-shape tp-shapewrapper\"\n\t\t\t\t\t\t\t\tdata-type=\"shape\"\n\t\t\t\t\t\t\t\tdata-rsp_ch=\"on\"\n\t\t\t\t\t\t\t\tdata-xy=\"xo:21px;yo:250px;\"\n\t\t\t\t\t\t\t\tdata-text=\"fw:100;a:inherit;\"\n\t\t\t\t\t\t\t\tdata-dim=\"w:773px;h:267;\"\n\t\t\t\t\t\t\t\tdata-vbility=\"t,t,f,f\"\n\t\t\t\t\t\t\t\tdata-wrpcls=\"slider-mobile-text-background\"\n\t\t\t\t\t\t\t\tdata-frame_1=\"st:250;sR:250;\"\n\t\t\t\t\t\t\t\tdata-frame_999=\"o:0;st:w;sR:8450;\"\n\t\t\t\t\t\t\t\tstyle=\"z-index:10;background-color:rgba(0,0,0,0.5);\"\n\t\t\t\t\t\t\t> \n\t\t\t\t\t\t\t<\/rs-layer><!--\n\n\t\t\t\t\t\t\t--><rs-layer\n\t\t\t\t\t\t\t\tid=\"slider-39-slide-65-layer-2\" \n\t\t\t\t\t\t\t\tdata-type=\"text\"\n\t\t\t\t\t\t\t\tdata-rsp_ch=\"on\"\n\t\t\t\t\t\t\t\tdata-xy=\"xo:75px,75px,65px,45px;y:t,t,b,b;yo:303px,303px,160px,160px;\"\n\t\t\t\t\t\t\t\tdata-text=\"s:40;l:40;a:inherit;\"\n\t\t\t\t\t\t\t\tdata-wrpcls=\"slider-mobile-title\"\n\t\t\t\t\t\t\t\tdata-frame_0=\"y:-50px;\"\n\t\t\t\t\t\t\t\tdata-frame_1=\"st:330;sp:490;sR:330;\"\n\t\t\t\t\t\t\t\tdata-frame_999=\"o:0;st:w;sR:8180;\"\n\t\t\t\t\t\t\t\tstyle=\"z-index:12;font-family:'Open Sans';\"\n\t\t\t\t\t\t\t>Experience since 1991 \n\t\t\t\t\t\t\t<\/rs-layer><!--\n\n\t\t\t\t\t\t\t--><rs-layer\n\t\t\t\t\t\t\t\tid=\"slider-39-slide-65-layer-3\" \n\t\t\t\t\t\t\t\tdata-type=\"text\"\n\t\t\t\t\t\t\t\tdata-rsp_ch=\"on\"\n\t\t\t\t\t\t\t\tdata-xy=\"xo:75px,75px,65px,45px;y:t,t,b,b;yo:363px,363px,20px,20px;\"\n\t\t\t\t\t\t\t\tdata-text=\"s:50,50,50,45;l:50,50,50,45;fw:700;a:inherit;\"\n\t\t\t\t\t\t\t\tdata-dim=\"h:115px;\"\n\t\t\t\t\t\t\t\tdata-wrpcls=\"slider-mobile-text\"\n\t\t\t\t\t\t\t\tdata-frame_0=\"y:50px;\"\n\t\t\t\t\t\t\t\tdata-frame_1=\"st:600;sp:490;sR:600;\"\n\t\t\t\t\t\t\t\tdata-frame_999=\"o:0;st:w;sR:7910;\"\n\t\t\t\t\t\t\t\tstyle=\"z-index:11;font-family:'Open Sans';\"\n\t\t\t\t\t\t\t>The specialist for<br> isolation packaging \n\t\t\t\t\t\t\t<\/rs-layer><!--\n\n\t\t\t\t\t\t\t--><rs-layer\n\t\t\t\t\t\t\t\tid=\"slider-39-slide-65-layer-4\" \n\t\t\t\t\t\t\t\tdata-type=\"shape\"\n\t\t\t\t\t\t\t\tdata-rsp_ch=\"on\"\n\t\t\t\t\t\t\t\tdata-xy=\"x:l,l,c,c;y:b;yo:0,0,-5px,-5px;\"\n\t\t\t\t\t\t\t\tdata-text=\"w:normal;s:20,16,12,9;l:0,20,15,11;\"\n\t\t\t\t\t\t\t\tdata-dim=\"w:90%,90%,100%,100%;h:230px,189px,200px,200px;\"\n\t\t\t\t\t\t\t\tdata-vbility=\"f,f,t,t\"\n\t\t\t\t\t\t\t\tdata-frame_999=\"o:0;st:w;\"\n\t\t\t\t\t\t\t\tstyle=\"z-index:7;background-color:#ffffff;\"\n\t\t\t\t\t\t\t> \n\t\t\t\t\t\t\t<\/rs-layer><!--\n-->\t\t\t\t\t<\/rs-slide>\n\t\t\t\t\t<\/rs-slides>\n\t\t\t\t<\/rs-module>\n\t\t\t\t<script>\n\t\t\t\t\tsetREVStartSize({c: 'rev_slider_39_1',rl:[1240,1024,778,480],el:[553,768,750,750],gw:[1240,1024,778,600],gh:[553,768,750,750],type:'standard',justify:'',layout:'fullwidth',mh:\"0\"});if (window.RS_MODULES!==undefined && window.RS_MODULES.modules!==undefined && window.RS_MODULES.modules[\"revslider391\"]!==undefined) {window.RS_MODULES.modules[\"revslider391\"].once = false;window.revapi39 = undefined;if (window.RS_MODULES.checkMinimal!==undefined) window.RS_MODULES.checkMinimal()}\n\t\t\t\t<\/script>\n\t\t\t<\/rs-module-wrap>\n\t\t\t<!-- END REVOLUTION SLIDER -->\n<\/div><\/div><\/div><\/div><\/div><\/section><section class=\"l-section wpb_row height_medium\"><div class=\"l-section-h i-cf\"><div class=\"g-cols vc_row via_flex valign_top type_default stacking_default\"><div class=\"vc_col-sm-12 wpb_column vc_column_container\"><div class=\"vc_column-inner\"><div class=\"wpb_wrapper\"><div class=\"w-separator size_medium\"><\/div><div class=\"wpb_text_column\"><div class=\"wpb_wrapper\"><h2 class=\"ng-binding\" style=\"text-align: center;\">THE COMPANY<\/h2>\n<\/div><\/div><\/div><\/div><\/div><\/div><\/div><\/section><section class=\"l-section wpb_row us_custom_c04e0009 home-text-two-columns height_medium\"><div class=\"l-section-h i-cf\"><div class=\"g-cols vc_row via_flex valign_top type_default stacking_default\"><div class=\"vc_col-sm-12 wpb_column vc_column_container\"><div class=\"vc_column-inner\"><div class=\"wpb_wrapper\"><div class=\"wpb_text_column\"><div class=\"wpb_wrapper\"><p><strong>Packaging should protect, insulate and, in doing so, be sustainable.<\/strong><\/p>\n<p>This has been the daily work of OHLRO Hartschaum GmbH since its inception in 1991. OHLRO produces shipment and transport packaging and continuously develops new solutions for a wide variety of requirements.<\/p>\n<p><strong>Be it food, drinks or medical products \u2013 with packaging made of AIRPROP (expanded polystyrene) it is possible to protect and insulate at the same time. And, it is more environmentally friendly than you think it is.<\/strong><\/p>\n<p>The composition of this unique material is 98% air and it is fully recyclable. Compared to packaging made of cardboard or composite materials, the single-material AIRPOP has a better environmental footprint than many assume.<\/p>\n<p>As a company, OHLRO Hartschaum GmbH believes in acting responsibly and invests in <strong>environmentally-conscious technologies<\/strong> such as photovoltaics and heat recovery.<\/p>\n<p>When shipping sensitive goods, this is twice as important. <strong>Good advice, better packaging.<\/strong><\/p>\n<p>Further information can be found at: <strong><a href=\"http:\/\/www.ohlro.de\">www.ohlro.de<\/a><\/strong><\/p>\n<\/div><\/div><\/div><\/div><\/div><\/div><\/div><\/section><section class=\"l-section wpb_row height_medium\"><div class=\"l-section-h i-cf\"><div class=\"g-cols vc_row via_flex valign_top type_default stacking_default\"><div class=\"vc_col-sm-12 wpb_column vc_column_container\"><div class=\"vc_column-inner\"><div class=\"wpb_wrapper\"><div class=\"w-video align_none ratio_16x9 has_iframe\"><div class=\"w-video-h\"><div class=\"BorlabsCookie _brlbs-cb-youtube\"><div class=\"_brlbs-content-blocker\"> <div class=\"_brlbs-embed _brlbs-video-youtube\"> <img class=\"_brlbs-thumbnail\" src=\"https:\/\/medilogisticsystems.com\/wp-content\/plugins\/borlabs-cookie\/assets\/images\/cb-no-thumbnail.png\" alt=\"YouTube\"> <div class=\"_brlbs-caption\"> <p>Mit dem Laden des Videos akzeptieren Sie die Datenschutzerkl\u00e4rung von YouTube.<br><a href=\"https:\/\/policies.google.com\/privacy\" target=\"_blank\" rel=\"nofollow noopener noreferrer\">Mehr erfahren<\/a><\/p> <p><a class=\"_brlbs-btn _brlbs-icon-play-white\" href=\"#\" data-borlabs-cookie-unblock role=\"button\">Video laden<\/a><\/p> <p><label><input type=\"checkbox\" name=\"unblockAll\" value=\"1\" checked> <small>YouTube immer entsperren<\/small><\/label><\/p> <\/div> <\/div> <\/div><div class=\"borlabs-hide\" data-borlabs-cookie-type=\"content-blocker\" data-borlabs-cookie-id=\"youtube\"><script type=\"text\/template\">PGlmcmFtZSB0aXRsZT0iWW91dHViZSB2aWRlbyBwbGF5ZXIiIHNyYz0iLy93d3cueW91dHViZS1ub2Nvb2tpZS5jb20vZW1iZWQvNjVoMmc3WFg5alk\/YXV0b3BsYXk9MCZjb250cm9scz0xJm9yaWdpbj1odHRwczovL21lZGlsb2dpc3RpY3N5c3RlbXMuY29tL2VuJmxvb3A9MCZtdXRlPTAiIGFsbG93ZnVsbHNjcmVlbj0iMSIgbG9hZGluZz0ibGF6eSI+PC9pZnJhbWU+<\/script><\/div><\/div><\/div><\/div><\/div><\/div><\/div><\/div><\/div><\/section><section class=\"l-section wpb_row height_medium\"><div class=\"l-section-h i-cf\"><div class=\"g-cols vc_row via_flex valign_top type_default stacking_default\"><div class=\"vc_col-sm-12 wpb_column vc_column_container\"><div class=\"vc_column-inner\"><div class=\"wpb_wrapper\"><div class=\"w-separator size_medium\"><\/div><div class=\"wpb_text_column\"><div class=\"wpb_wrapper\"><h2 style=\"text-align: center;\">CONTACT FORM<\/h2>\n<\/div><\/div><div class=\"w-separator size_small\"><\/div>\n<div class=\"wpcf7 no-js\" id=\"wpcf7-f8025-o1\" lang=\"de-DE\" dir=\"ltr\" data-wpcf7-id=\"8025\">\n<div class=\"screen-reader-response\"><p role=\"status\" aria-live=\"polite\" aria-atomic=\"true\"><\/p> <ul><\/ul><\/div>\n<form action=\"\/en\/wp-json\/wp\/v2\/pages\/7998#wpcf7-f8025-o1\" method=\"post\" class=\"wpcf7-form init\" aria-label=\"Kontaktformular\" novalidate=\"novalidate\" data-status=\"init\">\n<fieldset class=\"hidden-fields-container\"><input type=\"hidden\" name=\"_wpcf7\" value=\"8025\" \/><input type=\"hidden\" name=\"_wpcf7_version\" value=\"6.1.5\" \/><input type=\"hidden\" name=\"_wpcf7_locale\" value=\"de_DE\" \/><input type=\"hidden\" name=\"_wpcf7_unit_tag\" value=\"wpcf7-f8025-o1\" \/><input type=\"hidden\" name=\"_wpcf7_container_post\" value=\"0\" \/><input type=\"hidden\" name=\"_wpcf7_posted_data_hash\" value=\"\" \/>\n<\/fieldset>\n<div style=\"display: flex; flex-direction: column; justify-content: space-between;\">\n\t<div class=\"wps-form\">\n\t\t<div class=\"left-column\">\n\t\t\t<p><span class=\"wpcf7-form-control-wrap\" data-name=\"feld364\"><input size=\"40\" maxlength=\"400\" class=\"wpcf7-form-control wpcf7-text\" aria-invalid=\"false\" placeholder=\"company\" value=\"\" type=\"text\" name=\"feld364\" \/><\/span><br \/>\n<span class=\"wpcf7-form-control-wrap\" data-name=\"feld365\"><input size=\"40\" maxlength=\"400\" class=\"wpcf7-form-control wpcf7-text wpcf7-validates-as-required\" aria-required=\"true\" aria-invalid=\"false\" placeholder=\"contact person\" value=\"\" type=\"text\" name=\"feld365\" \/><\/span><br \/>\n<span class=\"wpcf7-form-control-wrap\" data-name=\"feld366\"><input size=\"40\" maxlength=\"400\" class=\"wpcf7-form-control wpcf7-text\" aria-invalid=\"false\" placeholder=\"address\" value=\"\" type=\"text\" name=\"feld366\" \/><\/span><br \/>\n<span class=\"wpcf7-form-control-wrap\" data-name=\"feld367\"><input size=\"40\" maxlength=\"400\" class=\"wpcf7-form-control wpcf7-email wpcf7-validates-as-required wpcf7-text wpcf7-validates-as-email\" aria-required=\"true\" aria-invalid=\"false\" placeholder=\"e-mail\" value=\"\" type=\"email\" name=\"feld367\" \/><\/span>\n\t\t\t<\/p>\n\t\t<\/div>\n\t\t<div class=\"right-column\">\n\t\t\t<p><span class=\"wpcf7-form-control-wrap\" data-name=\"feld368\"><input size=\"40\" maxlength=\"400\" class=\"wpcf7-form-control wpcf7-tel wpcf7-text wpcf7-validates-as-tel\" aria-invalid=\"false\" placeholder=\"telephone number\" value=\"\" type=\"tel\" name=\"feld368\" \/><\/span><br \/>\n<span class=\"wpcf7-form-control-wrap\" data-name=\"feld369\"><textarea cols=\"40\" rows=\"10\" maxlength=\"2000\" class=\"wpcf7-form-control wpcf7-textarea\" aria-invalid=\"false\" placeholder=\"message\" name=\"feld369\"><\/textarea><\/span><br \/>\n<span id=\"wpcf7-69fa0de5e3489-wrapper\" class=\"wpcf7-form-control-wrap url-wrap\" ><label for=\"wpcf7-69fa0de5e3489-field\" class=\"hp-message\">Bitte lasse dieses Feld leer.<\/label><input id=\"wpcf7-69fa0de5e3489-field\"  class=\"wpcf7-form-control wpcf7-text\" type=\"text\" name=\"url\" value=\"\" size=\"40\" tabindex=\"-1\" autocomplete=\"new-password\" \/><\/span>\n\t\t\t<\/p>\n\t\t<\/div>\n\t<\/div>\n\t<div style=\"padding-top:28px;\">\n\t\t<p><span class=\"wpcf7-form-control-wrap\" data-name=\"acceptance-658\"><span class=\"wpcf7-form-control wpcf7-acceptance\"><span class=\"wpcf7-list-item\"><label><input type=\"checkbox\" name=\"acceptance-658\" value=\"1\" id=\"datenschutz\" aria-invalid=\"false\" \/><span class=\"wpcf7-list-item-label\">I have taken note of the <b><a href=\"\/datenschutz\">Privacy Notice<\/a><\/b>. I agree that the information and data I provide for the purpose of processing my enquiry will be collected and stored electronically. Please note: you can revoke your consent for the future at any time by sending an e-mail to info @ medilogisticsystems.com.<\/span><\/label><\/span><\/span><\/span>\n\t\t<\/p>\n\t<\/div>\n\t<div>\n\t\t<p><span id=\"ai1ic-oP0xD\" data-toggle=\"\" class=\"cf7ic-loader\">Loading...<\/span><br \/>\n<input class=\"wpcf7-form-control wpcf7-submit has-spinner\" type=\"submit\" value=\"Send\" \/>\n\t\t<\/p>\n\t<\/div>\n<\/div><div class=\"wpcf7-response-output\" aria-hidden=\"true\"><\/div>\n<\/form>\n<\/div>\n<div class=\"w-separator size_medium\"><\/div><\/div><\/div><\/div><\/div><\/div><\/section>\n","protected":false},"excerpt":{"rendered":"{:de} Erfahrung seit 1991 Der Spezialist f\u00fcr Isolierverpackungen DAS UNTERNEHMEN Verpackungen sollen sch\u00fctzen, isolieren und dabei nachhaltig sein. Das sind seit der Firmengr\u00fcndung 1991 die Themen, mit denen sich die OHLRO Hartschaum GmbH t\u00e4glich besch\u00e4ftigt. OHLRO produziert nicht nur Versand- und Transportverpackungen, sondern entwickelt st\u00e4ndig neue L\u00f6sungen f\u00fcr unterschiedlichste Anforderungen. Ob Lebensmittel, Getr\u00e4nke oder medizinische...","protected":false},"author":1,"featured_media":0,"parent":0,"menu_order":0,"comment_status":"closed","ping_status":"closed","template":"","meta":{"footnotes":""},"class_list":["post-7998","page","type-page","status-publish","hentry"],"translation":{"provider":"WPGlobus","version":"3.0.2","language":"en","enabled_languages":["de","en"],"languages":{"de":{"title":true,"content":true,"excerpt":false},"en":{"title":true,"content":true,"excerpt":false}}},"_links":{"self":[{"href":"https:\/\/medilogisticsystems.com\/en\/wp-json\/wp\/v2\/pages\/7998","targetHints":{"allow":["GET"]}}],"collection":[{"href":"https:\/\/medilogisticsystems.com\/en\/wp-json\/wp\/v2\/pages"}],"about":[{"href":"https:\/\/medilogisticsystems.com\/en\/wp-json\/wp\/v2\/types\/page"}],"author":[{"embeddable":true,"href":"https:\/\/medilogisticsystems.com\/en\/wp-json\/wp\/v2\/users\/1"}],"replies":[{"embeddable":true,"href":"https:\/\/medilogisticsystems.com\/en\/wp-json\/wp\/v2\/comments?post=7998"}],"version-history":[{"count":38,"href":"https:\/\/medilogisticsystems.com\/en\/wp-json\/wp\/v2\/pages\/7998\/revisions"}],"predecessor-version":[{"id":9494,"href":"https:\/\/medilogisticsystems.com\/en\/wp-json\/wp\/v2\/pages\/7998\/revisions\/9494"}],"wp:attachment":[{"href":"https:\/\/medilogisticsystems.com\/en\/wp-json\/wp\/v2\/media?parent=7998"}],"curies":[{"name":"wp","href":"https:\/\/api.w.org\/{rel}","templated":true}]}}