{"id":8165,"date":"2020-11-12T11:27:59","date_gmt":"2020-11-12T10:27:59","guid":{"rendered":"https:\/\/medilogisticsystems.com\/?page_id=8165"},"modified":"2025-07-30T15:56:17","modified_gmt":"2025-07-30T13:56:17","slug":"kuehlakkus","status":"publish","type":"page","link":"https:\/\/medilogisticsystems.com\/en\/kuehlakkus\/","title":{"rendered":"K\u00fchlakkus Pharma"},"content":{"rendered":"<section class=\"l-section wpb_row us_custom_9e96d0eb height_medium\"><div class=\"l-section-h i-cf\"><div class=\"g-cols vc_row via_flex valign_top type_default stacking_default\"><div class=\"vc_col-sm-12 wpb_column vc_column_container\"><div class=\"vc_column-inner\"><div class=\"wpb_wrapper\">\n\t\t\t<!-- START K\u00fchlakku Slider responsive eng REVOLUTION SLIDER 6.7.41 --><p class=\"rs-p-wp-fix\"><\/p>\n\t\t\t<rs-module-wrap id=\"rev_slider_37_1_wrapper\" data-source=\"gallery\" style=\"visibility:hidden;background:transparent;padding:0;margin:0px auto;margin-top:0;margin-bottom:0;\">\n\t\t\t\t<rs-module id=\"rev_slider_37_1\" style=\"\" data-version=\"6.7.41\">\n\t\t\t\t\t<rs-slides style=\"overflow: hidden; position: absolute;\">\n\t\t\t\t\t\t<rs-slide style=\"position: absolute;\" data-key=\"rs-59\" data-title=\"Slide\" data-anim=\"adpr:false;ms:600;\" data-in=\"o:0;\" data-out=\"a:false;\">\n\t\t\t\t\t\t\t<img decoding=\"async\" src=\"\/\/medilogisticsystems.com\/wp-content\/plugins\/revslider\/sr6\/assets\/assets\/dummy.png\" alt=\"\" title=\"Banner-Akkus\" width=\"2400\" height=\"700\" class=\"rev-slidebg tp-rs-img rs-lazyload\" data-lazyload=\"\/\/medilogisticsystems.com\/wp-content\/uploads\/sites\/3\/2020\/11\/Banner-Akkus.jpg\" data-bg=\"p:70% 0%;\" data-no-retina>\n<!--\n\t\t\t\t\t\t\t--><rs-layer\n\t\t\t\t\t\t\t\tid=\"slider-37-slide-59-layer-0\" \n\t\t\t\t\t\t\t\tdata-type=\"shape\"\n\t\t\t\t\t\t\t\tdata-rsp_ch=\"on\"\n\t\t\t\t\t\t\t\tdata-xy=\"x:l,l,c,c;y:b;yo:0,0,-5px,-5px;\"\n\t\t\t\t\t\t\t\tdata-text=\"w:normal;s:20,16,12,9;l:0,20,15,11;\"\n\t\t\t\t\t\t\t\tdata-dim=\"w:90%;h:230px,189px,230px,230px;\"\n\t\t\t\t\t\t\t\tdata-vbility=\"f,f,t,t\"\n\t\t\t\t\t\t\t\tdata-frame_999=\"o:0;st:w;\"\n\t\t\t\t\t\t\t\tstyle=\"z-index:8;background-color:#233568;\"\n\t\t\t\t\t\t\t> \n\t\t\t\t\t\t\t<\/rs-layer><!--\n\n\t\t\t\t\t\t\t--><rs-layer\n\t\t\t\t\t\t\t\tid=\"slider-37-slide-59-layer-1\" \n\t\t\t\t\t\t\t\tclass=\"tp-shape tp-shapewrapper\"\n\t\t\t\t\t\t\t\tdata-type=\"shape\"\n\t\t\t\t\t\t\t\tdata-rsp_ch=\"on\"\n\t\t\t\t\t\t\t\tdata-xy=\"xo:21px;yo:250px;\"\n\t\t\t\t\t\t\t\tdata-text=\"fw:100;a:inherit;\"\n\t\t\t\t\t\t\t\tdata-dim=\"w:773px;h:267;\"\n\t\t\t\t\t\t\t\tdata-vbility=\"t,t,f,f\"\n\t\t\t\t\t\t\t\tdata-wrpcls=\"slider-mobile-text-background\"\n\t\t\t\t\t\t\t\tdata-frame_1=\"st:250;sR:250;\"\n\t\t\t\t\t\t\t\tdata-frame_999=\"o:0;st:w;sR:8450;\"\n\t\t\t\t\t\t\t\tstyle=\"z-index:10;background-color:rgba(0,0,0,0.5);\"\n\t\t\t\t\t\t\t> \n\t\t\t\t\t\t\t<\/rs-layer><!--\n\n\t\t\t\t\t\t\t--><rs-layer\n\t\t\t\t\t\t\t\tid=\"slider-37-slide-59-layer-2\" \n\t\t\t\t\t\t\t\tdata-type=\"text\"\n\t\t\t\t\t\t\t\tdata-rsp_ch=\"on\"\n\t\t\t\t\t\t\t\tdata-xy=\"xo:75px,75px,65px,45px;y:t,t,b,b;yo:304px,304px,160px,160px;\"\n\t\t\t\t\t\t\t\tdata-text=\"s:40,40,40,35;l:40,40,40,35;a:inherit;\"\n\t\t\t\t\t\t\t\tdata-wrpcls=\"slider-mobile-title\"\n\t\t\t\t\t\t\t\tdata-frame_0=\"y:-50px;\"\n\t\t\t\t\t\t\t\tdata-frame_1=\"st:330;sp:490;sR:330;\"\n\t\t\t\t\t\t\t\tdata-frame_999=\"o:0;st:w;sR:8180;\"\n\t\t\t\t\t\t\t\tstyle=\"z-index:12;font-family:'Open Sans';\"\n\t\t\t\t\t\t\t>Size & performance always fit  \n\t\t\t\t\t\t\t<\/rs-layer><!--\n\n\t\t\t\t\t\t\t--><rs-layer\n\t\t\t\t\t\t\t\tid=\"slider-37-slide-59-layer-3\" \n\t\t\t\t\t\t\t\tdata-type=\"text\"\n\t\t\t\t\t\t\t\tdata-rsp_ch=\"on\"\n\t\t\t\t\t\t\t\tdata-xy=\"xo:75px,75px,65px,45px;y:t,t,b,b;yo:363px,363px,20px,20px;\"\n\t\t\t\t\t\t\t\tdata-text=\"s:50,50,50,45;l:50,50,50,45;fw:700;a:inherit;\"\n\t\t\t\t\t\t\t\tdata-dim=\"h:115px;\"\n\t\t\t\t\t\t\t\tdata-wrpcls=\"slider-mobile-text\"\n\t\t\t\t\t\t\t\tdata-frame_0=\"y:50px;\"\n\t\t\t\t\t\t\t\tdata-frame_1=\"st:600;sp:490;sR:600;\"\n\t\t\t\t\t\t\t\tdata-frame_999=\"o:0;st:w;sR:7910;\"\n\t\t\t\t\t\t\t\tstyle=\"z-index:11;font-family:'Open Sans';\"\n\t\t\t\t\t\t\t>Cold Packs for every<br> purpose \n\t\t\t\t\t\t\t<\/rs-layer><!--\n\n\t\t\t\t\t\t\t--><rs-layer\n\t\t\t\t\t\t\t\tid=\"slider-37-slide-59-layer-4\" \n\t\t\t\t\t\t\t\tdata-type=\"shape\"\n\t\t\t\t\t\t\t\tdata-rsp_ch=\"on\"\n\t\t\t\t\t\t\t\tdata-xy=\"x:l,l,c,c;y:b;yo:0,0,-5px,-5px;\"\n\t\t\t\t\t\t\t\tdata-text=\"w:normal;s:20,16,12,9;l:0,20,15,11;\"\n\t\t\t\t\t\t\t\tdata-dim=\"w:90%,90%,100%,100%;h:230px,189px,200px,200px;\"\n\t\t\t\t\t\t\t\tdata-vbility=\"f,f,t,t\"\n\t\t\t\t\t\t\t\tdata-frame_999=\"o:0;st:w;\"\n\t\t\t\t\t\t\t\tstyle=\"z-index:7;background-color:#ffffff;\"\n\t\t\t\t\t\t\t> \n\t\t\t\t\t\t\t<\/rs-layer><!--\n-->\t\t\t\t\t<\/rs-slide>\n\t\t\t\t\t<\/rs-slides>\n\t\t\t\t<\/rs-module>\n\t\t\t\t<script>\n\t\t\t\t\tsetREVStartSize({c: 'rev_slider_37_1',rl:[1240,1024,778,480],el:[553,768,750,750],gw:[1240,1024,778,600],gh:[553,768,750,750],type:'standard',justify:'',layout:'fullwidth',mh:\"0\"});if (window.RS_MODULES!==undefined && window.RS_MODULES.modules!==undefined && window.RS_MODULES.modules[\"revslider371\"]!==undefined) {window.RS_MODULES.modules[\"revslider371\"].once = false;window.revapi37 = undefined;if (window.RS_MODULES.checkMinimal!==undefined) window.RS_MODULES.checkMinimal()}\n\t\t\t\t<\/script>\n\t\t\t<\/rs-module-wrap>\n\t\t\t<!-- END REVOLUTION SLIDER -->\n<\/div><\/div><\/div><\/div><\/div><\/section><section class=\"l-section wpb_row us_custom_19737bc8 height_medium\"><div class=\"l-section-h i-cf\"><div class=\"g-cols vc_row via_flex valign_top type_default stacking_default\"><div class=\"vc_col-sm-12 wpb_column vc_column_container\"><div class=\"vc_column-inner\"><div class=\"wpb_wrapper\"><div class=\"wpb_text_column\"><div class=\"wpb_wrapper\"><h2 class=\"ng-binding\" style=\"text-align: center;\">Pharmaceutical cold packs<\/h2>\n<\/div><\/div><\/div><\/div><\/div><\/div><\/div><\/section><section class=\"l-section wpb_row us_custom_c04e0009 home-text-two-columns height_medium\"><div class=\"l-section-h i-cf\"><div class=\"g-cols vc_row via_flex valign_top type_default stacking_default\"><div class=\"vc_col-sm-12 wpb_column vc_column_container\"><div class=\"vc_column-inner\"><div class=\"wpb_wrapper\"><div class=\"wpb_text_column\"><div class=\"wpb_wrapper\"><p>Our <strong>PCM cooling elements<\/strong> with different melting points offer the possibility of maintaining a constant temperature during passive transport without any further external energy supply.<\/p>\n<p><strong>PCM means &#8220;Phase Change Material&#8221; or phase change memory<\/strong>. This term describes the mode of operation of the <strong>PCM cooling element<\/strong>, which releases the stored energy to the environment in the form of cold\/heat during the phase transition from solid to liquid. This phase change point or melting point is stated when selecting the respective PCM cooling element.<\/p>\n<p>To ensure optimal functionality of the<strong> PCM cooling elements<\/strong>, they must be pre-conditioned before inserting them in the packaging. This is carried out under prescribed temperature conditions and set time intervals.<\/p>\n<\/div><\/div><\/div><\/div><\/div><\/div><\/div><\/section><section class=\"l-section wpb_row us_custom_68d7a643 height_medium\"><div class=\"l-section-h i-cf\"><div class=\"g-cols vc_row via_flex valign_top type_default stacking_default\"><div class=\"vc_col-sm-12 wpb_column vc_column_container\"><div class=\"vc_column-inner\"><div class=\"wpb_wrapper\"><div class=\"w-separator size_small\"><\/div><div class=\"wpb_text_column\"><div class=\"wpb_wrapper\"><h3 class=\"white\">Due to their different melting points, our range of cold packs (PCMs \/ Phase Change Material) is extensive.<\/h3>\n<\/div><\/div><div class=\"w-separator size_small\"><\/div><\/div><\/div><\/div><\/div><\/div><\/section><section class=\"l-section wpb_row height_medium\"><div class=\"l-section-h i-cf\"><div class=\"g-cols vc_row via_flex valign_top type_default stacking_default\"><div class=\"vc_col-sm-12 wpb_column vc_column_container\"><div class=\"vc_column-inner\"><div class=\"wpb_wrapper\"><div class=\"wpb_text_column\"><div class=\"wpb_wrapper\"><h4>Our pharmaceutical cold packs<\/h4>\n<\/div><\/div><div class=\"w-separator size_medium\"><\/div><div class=\"g-cols wpb_row via_flex valign_top type_default stacking_default\"><div class=\"vc_col-sm-12 wpb_column vc_column_container\"><div class=\"vc_column-inner\"><div class=\"wpb_wrapper\"><div class=\"wpb_text_column\"><div class=\"wpb_wrapper\"><table class=\"postTable\">\n<thead>\n<tr class=\"oddRow\">\n<td width=\"269\"><strong>battery pack (PCM)<\/strong><\/td>\n<td width=\"145\"><strong>volume \/ weight<\/strong><\/td>\n<td width=\"208\"><strong><span class=\"NormalTextRun SCXW268256666 BCX0\">external<\/span><span class=\"NormalTextRun SCXW268256666 BCX0\">\u00a0<\/span><span class=\"NormalTextRun SpellingErrorV2 SCXW268256666 BCX0\">dimensions<\/span><\/strong><\/td>\n<td width=\"204\"><strong>color<\/strong><\/td>\n<\/tr>\n<\/thead>\n<tbody>\n<tr>\n<td class=\"oddCol\" data-label=\"Akku\">PCM +4\u00b0C<\/td>\n<td data-label=\"Volumen\/Gewicht\">200ml \/ 0,2kg<\/td>\n<td data-label=\"Au\u00dfenma\u00df\">165x88x21mm<\/td>\n<td data-label=\"Farbe\">Blau\/Blue<\/td>\n<\/tr>\n<tr class=\"oddRow\">\n<td class=\"oddCol\" data-label=\"Akku\">PCM +4\u00b0C<\/td>\n<td data-label=\"Volumen\/Gewicht\">600ml \/ 0,5 kg<\/td>\n<td data-label=\"Au\u00dfenma\u00df\">190x121x34mm<\/td>\n<td data-label=\"Farbe\">Blau\/Blue<\/td>\n<\/tr>\n<tr>\n<td class=\"oddCol\" data-label=\"Akku\">PCM +4\u00b0C<\/td>\n<td data-label=\"Volumen\/Gewicht\">1,0L \/ 1,05 kg<\/td>\n<td data-label=\"Au\u00dfenma\u00df\">210x160x40mm<\/td>\n<td data-label=\"Farbe\">Blau\/Blue<\/td>\n<\/tr>\n<tr class=\"oddRow\">\n<td class=\"oddCol\" data-label=\"Akku\">PCM +4\u00b0C<\/td>\n<td data-label=\"Volumen\/Gewicht\">2,0L \/ 2,4 kg<\/td>\n<td data-label=\"Au\u00dfenma\u00df\">319x275x35mm<\/td>\n<td data-label=\"Farbe\">Blau\/Blue<\/td>\n<\/tr>\n<tr>\n<td class=\"oddCol\" data-label=\"Akku\">PCM +4\u00b0C<\/td>\n<td data-label=\"Volumen\/Gewicht\">3,0L \/ 3,1 kg<\/td>\n<td data-label=\"Au\u00dfenma\u00df\">465x275x35mm<\/td>\n<td data-label=\"Farbe\">Blau\/Blue<\/td>\n<\/tr>\n<tr class=\"oddRow\">\n<td class=\"oddCol\" data-label=\"Akku\">PCM +22\u00b0C<\/td>\n<td data-label=\"Volumen\/Gewicht\">600ml \/ 0,54 kg<\/td>\n<td data-label=\"Au\u00dfenma\u00df\">190x121x34mm<\/td>\n<td data-label=\"Farbe\">Gr\u00fcn\/Green<\/td>\n<\/tr>\n<tr>\n<td class=\"oddCol\" data-label=\"Akku\">PCM +22\u00b0C<\/td>\n<td data-label=\"Volumen\/Gewicht\">1L \/ 1,0 kg<\/td>\n<td data-label=\"Au\u00dfenma\u00df\">210x160x40mm<\/td>\n<td data-label=\"Farbe\">Gr\u00fcn\/Green<\/td>\n<\/tr>\n<tr class=\"oddRow\">\n<td class=\"oddCol\" data-label=\"Akku\">PCM +22\u00b0C<\/td>\n<td data-label=\"Volumen\/Gewicht\">2L \/ 2,55 kg<\/td>\n<td data-label=\"Au\u00dfenma\u00df\">319x275x35mm<\/td>\n<td data-label=\"Farbe\">Gr\u00fcn\/Green<\/td>\n<\/tr>\n<tr>\n<td class=\"oddCol\" data-label=\"Akku\">PCM +22\u00b0C<\/td>\n<td data-label=\"Volumen\/Gewicht\">3L \/ 3,1 kg<\/td>\n<td data-label=\"Au\u00dfenma\u00df\">465x275x35mm<\/td>\n<td data-label=\"Farbe\">Gr\u00fcn\/Green<\/td>\n<\/tr>\n<tr class=\"oddRow\">\n<td class=\"oddCol\" data-label=\"Akku\">PCM +37\u00b0C<\/td>\n<td data-label=\"Volumen\/Gewicht\">200ml \/ 0,2 kg<\/td>\n<td data-label=\"Au\u00dfenma\u00df\">165x88x21mm<\/td>\n<td data-label=\"Farbe\">Rot\/Red<\/td>\n<\/tr>\n<tr>\n<td class=\"oddCol\" data-label=\"Akku\">PCM +37\u00b0C<\/td>\n<td data-label=\"Volumen\/Gewicht\">600ml \/ 0,52 kg<\/td>\n<td data-label=\"Au\u00dfenma\u00df\">190x121x34mm<\/td>\n<td data-label=\"Farbe\">Rot\/Red<\/td>\n<\/tr>\n<tr class=\"oddRow\">\n<td class=\"oddCol\" data-label=\"Akku\">PCM +37\u00b0C<\/td>\n<td data-label=\"Volumen\/Gewicht\">1,0L \/ 0,95 kg<\/td>\n<td data-label=\"Au\u00dfenma\u00df\">210x160x40mm<\/td>\n<td data-label=\"Farbe\">Rot\/Red<\/td>\n<\/tr>\n<tr>\n<td class=\"oddCol\" data-label=\"Akku\">PCM +37\u00b0C<\/td>\n<td data-label=\"Volumen\/Gewicht\">2,0L \/ 2,4 kg<\/td>\n<td data-label=\"Au\u00dfenma\u00df\">319x275x35mm<\/td>\n<td data-label=\"Farbe\">Rot\/Red<\/td>\n<\/tr>\n<tr class=\"oddRow\">\n<td class=\"oddCol\" data-label=\"Akku\">PCM +37\u00b0C<\/td>\n<td data-label=\"Volumen\/Gewicht\">3,0L\/ 3,25 kg<\/td>\n<td data-label=\"Au\u00dfenma\u00df\">465x275x35mm<\/td>\n<td data-label=\"Farbe\">Rot\/Red<\/td>\n<\/tr>\n<tr>\n<td class=\"oddCol\" data-label=\"Akku\">PCM -18\u00b0C<\/td>\n<td data-label=\"Volumen\/Gewicht\">200ml \/ 0,23 kg<\/td>\n<td data-label=\"Au\u00dfenma\u00df\">165x88x21mm<\/td>\n<td data-label=\"Farbe\">Wei\u00df\/White<\/td>\n<\/tr>\n<tr class=\"oddRow\">\n<td class=\"oddCol\" data-label=\"Akku\">PCM -18\u00b0C<\/td>\n<td data-label=\"Volumen\/Gewicht\">600ml \/ 0,44kg<\/td>\n<td data-label=\"Au\u00dfenma\u00df\">170x85x35mm<\/td>\n<td data-label=\"Farbe\">Wei\u00df\/White<\/td>\n<\/tr>\n<tr>\n<td class=\"oddCol\" data-label=\"Akku\">PCM -18\u00b0C<\/td>\n<td data-label=\"Volumen\/Gewicht\">1,0L \/ 1,4 kg<\/td>\n<td data-label=\"Au\u00dfenma\u00df\">210x160x40mm<\/td>\n<td data-label=\"Farbe\">Wei\u00df\/White<\/td>\n<\/tr>\n<tr class=\"oddRow\">\n<td class=\"oddCol\" data-label=\"Akku\">PCM -18\u00b0C<\/td>\n<td data-label=\"Volumen\/Gewicht\">2,0L \/ 3,4 kg<\/td>\n<td data-label=\"Au\u00dfenma\u00df\">319x275x35mm<\/td>\n<td data-label=\"Farbe\">Wei\u00df\/White<\/td>\n<\/tr>\n<tr>\n<td class=\"oddCol\" data-label=\"Akku\">PCM -18\u00b0C<\/td>\n<td data-label=\"Volumen\/Gewicht\">3,0L \/ 4,3 kg<\/td>\n<td data-label=\"Au\u00dfenma\u00df\">465x275x35mm<\/td>\n<td data-label=\"Farbe\">Wei\u00df\/White<\/td>\n<\/tr>\n<tr class=\"oddRow\">\n<td class=\"oddCol\" data-label=\"Akku\">PCM -21\u00b0C<\/td>\n<td data-label=\"Volumen\/Gewicht\">200ml \/ 0,25 kg<\/td>\n<td data-label=\"Au\u00dfenma\u00df\">165x88x21mm<\/td>\n<td data-label=\"Farbe\">Wei\u00df\/White<\/td>\n<\/tr>\n<tr>\n<td class=\"oddCol\" data-label=\"Akku\">PCM -21\u00b0C<\/td>\n<td data-label=\"Volumen\/Gewicht\">600ml \/ 0,82 kg<\/td>\n<td data-label=\"Au\u00dfenma\u00df\">190x121x34mm<\/td>\n<td data-label=\"Farbe\">Wei\u00df\/White<\/td>\n<\/tr>\n<tr class=\"oddRow\">\n<td class=\"oddCol\" data-label=\"Akku\">PCM -21\u00b0C<\/td>\n<td data-label=\"Volumen\/Gewicht\">1,0L \/ 1,45 kg<\/td>\n<td data-label=\"Au\u00dfenma\u00df\">210x160x40mm<\/td>\n<td data-label=\"Farbe\">Wei\u00df\/White<\/td>\n<\/tr>\n<tr>\n<td class=\"oddCol\" data-label=\"Akku\">PCM -21\u00b0C<\/td>\n<td data-label=\"Volumen\/Gewicht\">2,0L \/ 3,4 kg<\/td>\n<td data-label=\"Au\u00dfenma\u00df\">319x275x35mm<\/td>\n<td data-label=\"Farbe\">Wei\u00df\/White<\/td>\n<\/tr>\n<tr class=\"oddRow\">\n<td class=\"oddCol\" data-label=\"Akku\">PCM -21\u00b0C<\/td>\n<td data-label=\"Volumen\/Gewicht\">3,0L \/ 4,3 kg<\/td>\n<td data-label=\"Au\u00dfenma\u00df\">465x275x35mm<\/td>\n<td data-label=\"Farbe\">Wei\u00df\/White<\/td>\n<\/tr>\n<tr>\n<td class=\"oddCol\" data-label=\"Akku\">PCM -30\u00b0C<\/td>\n<td data-label=\"Volumen\/Gewicht\">200ml \/ 0,3 kg<\/td>\n<td data-label=\"Au\u00dfenma\u00df\">165x88x21mm<\/td>\n<td data-label=\"Farbe\">Orange<\/td>\n<\/tr>\n<tr class=\"oddRow\">\n<td class=\"oddCol\" data-label=\"Akku\">PCM -30\u00b0C<\/td>\n<td data-label=\"Volumen\/Gewicht\">600ml \/ 0,82 kg<\/td>\n<td data-label=\"Au\u00dfenma\u00df\">190x121x34mm<\/td>\n<td data-label=\"Farbe\">Orange<\/td>\n<\/tr>\n<tr>\n<td class=\"oddCol\" data-label=\"Akku\">PCM -30\u00b0C<\/td>\n<td data-label=\"Volumen\/Gewicht\">1,0L \/ 1,5 kg<\/td>\n<td data-label=\"Au\u00dfenma\u00df\">210x160x40mm<\/td>\n<td data-label=\"Farbe\">Orange<\/td>\n<\/tr>\n<tr class=\"oddRow\">\n<td class=\"oddCol\" data-label=\"Akku\">PCM -30\u00b0C<\/td>\n<td data-label=\"Volumen\/Gewicht\">2,0L \/ 3,55 kg<\/td>\n<td data-label=\"Au\u00dfenma\u00df\">319x275x35mm<\/td>\n<td data-label=\"Farbe\">Orange<\/td>\n<\/tr>\n<tr>\n<td class=\"oddCol\" data-label=\"Akku\">PCM -30\u00b0C<\/td>\n<td data-label=\"Volumen\/Gewicht\">3,0L \/ 4,4 kg<\/td>\n<td data-label=\"Au\u00dfenma\u00df\">465x275x35mm<\/td>\n<td data-label=\"Farbe\">Orange<\/td>\n<\/tr>\n<tr class=\"oddRow\">\n<td class=\"oddCol\" data-label=\"Akku\">Gel \u201eCoolpack\u201c<\/td>\n<td data-label=\"Volumen\/Gewicht\">0,3 kg<\/td>\n<td data-label=\"Au\u00dfenma\u00df\">125x280x15mm \/ 1 Zelle<\/td>\n<td class=\"desktopOnly\"><\/td>\n<\/tr>\n<tr>\n<td class=\"oddCol\" data-label=\"Akku\">Gel \u201eCoolpack\u201c<\/td>\n<td data-label=\"Volumen\/Gewicht\">0,3 kg<\/td>\n<td data-label=\"Au\u00dfenma\u00df\">280x190x10mm \/ 4 Zellen<\/td>\n<td class=\"desktopOnly\"><\/td>\n<\/tr>\n<tr class=\"oddRow\">\n<td class=\"oddCol\" data-label=\"Akku\">Gel \u201eCoolpack\u201c<\/td>\n<td data-label=\"Volumen\/Gewicht\">0,4 kg<\/td>\n<td data-label=\"Au\u00dfenma\u00df\">190x140x20mm \/ 1 Zelle<\/td>\n<td class=\"desktopOnly\"><\/td>\n<\/tr>\n<tr>\n<td class=\"oddCol\" data-label=\"Akku\">Gel \u201eCoolpack\u201c<\/td>\n<td data-label=\"Volumen\/Gewicht\">0,5 kg<\/td>\n<td data-label=\"Au\u00dfenma\u00df\">185x280x15mm \/ 1 Zelle<\/td>\n<td class=\"desktopOnly\"><\/td>\n<\/tr>\n<tr class=\"oddRow\">\n<td class=\"oddCol\" data-label=\"Akku\">Gel \u201eCoolpack\u201c<\/td>\n<td data-label=\"Volumen\/Gewicht\">0,9 kg<\/td>\n<td data-label=\"Au\u00dfenma\u00df\">380x280x15mm \/ 3 Zellen<\/td>\n<td class=\"desktopOnly\"><\/td>\n<\/tr>\n<tr>\n<td class=\"oddCol\" data-label=\"Akku\">Ice battery pack<\/td>\n<td data-label=\"Volumen\/Gewicht\">0,273 kg<\/td>\n<td class=\"desktopOnly\"><\/td>\n<td class=\"desktopOnly\"><\/td>\n<\/tr>\n<tr class=\"oddRow\">\n<td class=\"oddCol\" data-label=\"Akku\">Ice battery pack<\/td>\n<td data-label=\"Volumen\/Gewicht\">1,0L \/ 1,1 kg<\/td>\n<td data-label=\"Au\u00dfenma\u00df\">210x160x40mm<\/td>\n<td class=\"desktopOnly\"><\/td>\n<\/tr>\n<tr>\n<td class=\"oddCol\" data-label=\"Akku\">Ice battery pack<\/td>\n<td data-label=\"Volumen\/Gewicht\">2,0L \/ 2,7 kg<\/td>\n<td data-label=\"Au\u00dfenma\u00df\">319x275x35mm<\/td>\n<td class=\"desktopOnly\"><\/td>\n<\/tr>\n<tr class=\"oddRow\">\n<td class=\"oddCol\" data-label=\"Akku\">Ice battery pack<\/td>\n<td data-label=\"Volumen\/Gewicht\">3,0L \/ 3,65 kg<\/td>\n<td data-label=\"Au\u00dfenma\u00df\">465x275x35mm<\/td>\n<td class=\"desktopOnly\"><\/td>\n<\/tr>\n<\/tbody>\n<\/table>\n<\/div><\/div><\/div><\/div><\/div><\/div><\/div><\/div><\/div><\/div><\/div><\/section><section class=\"l-section wpb_row height_medium\"><div class=\"l-section-h i-cf\"><div class=\"g-cols vc_row via_flex valign_top type_default stacking_default\"><div class=\"vc_col-sm-12 wpb_column vc_column_container\"><div class=\"vc_column-inner\"><div class=\"wpb_wrapper\"><div class=\"w-separator size_medium\"><\/div><div class=\"wpb_text_column\"><div class=\"wpb_wrapper\"><h2 style=\"text-align: center;\">CONTACT FORM<\/h2>\n<\/div><\/div><div class=\"w-separator size_small\"><\/div>\n<div class=\"wpcf7 no-js\" id=\"wpcf7-f8025-o1\" lang=\"de-DE\" dir=\"ltr\" data-wpcf7-id=\"8025\">\n<div class=\"screen-reader-response\"><p role=\"status\" aria-live=\"polite\" aria-atomic=\"true\"><\/p> <ul><\/ul><\/div>\n<form action=\"\/en\/wp-json\/wp\/v2\/pages\/8165#wpcf7-f8025-o1\" method=\"post\" class=\"wpcf7-form init\" aria-label=\"Kontaktformular\" novalidate=\"novalidate\" data-status=\"init\">\n<fieldset class=\"hidden-fields-container\"><input type=\"hidden\" name=\"_wpcf7\" value=\"8025\" \/><input type=\"hidden\" name=\"_wpcf7_version\" value=\"6.1.5\" \/><input type=\"hidden\" name=\"_wpcf7_locale\" value=\"de_DE\" \/><input type=\"hidden\" name=\"_wpcf7_unit_tag\" value=\"wpcf7-f8025-o1\" \/><input type=\"hidden\" name=\"_wpcf7_container_post\" value=\"0\" \/><input type=\"hidden\" name=\"_wpcf7_posted_data_hash\" value=\"\" \/>\n<\/fieldset>\n<div style=\"display: flex; flex-direction: column; justify-content: space-between;\">\n\t<div class=\"wps-form\">\n\t\t<div class=\"left-column\">\n\t\t\t<p><span class=\"wpcf7-form-control-wrap\" data-name=\"feld364\"><input size=\"40\" maxlength=\"400\" class=\"wpcf7-form-control wpcf7-text\" aria-invalid=\"false\" placeholder=\"company\" value=\"\" type=\"text\" name=\"feld364\" \/><\/span><br \/>\n<span class=\"wpcf7-form-control-wrap\" data-name=\"feld365\"><input size=\"40\" maxlength=\"400\" class=\"wpcf7-form-control wpcf7-text wpcf7-validates-as-required\" aria-required=\"true\" aria-invalid=\"false\" placeholder=\"contact person\" value=\"\" type=\"text\" name=\"feld365\" \/><\/span><br \/>\n<span class=\"wpcf7-form-control-wrap\" data-name=\"feld366\"><input size=\"40\" maxlength=\"400\" class=\"wpcf7-form-control wpcf7-text\" aria-invalid=\"false\" placeholder=\"address\" value=\"\" type=\"text\" name=\"feld366\" \/><\/span><br \/>\n<span class=\"wpcf7-form-control-wrap\" data-name=\"feld367\"><input size=\"40\" maxlength=\"400\" class=\"wpcf7-form-control wpcf7-email wpcf7-validates-as-required wpcf7-text wpcf7-validates-as-email\" aria-required=\"true\" aria-invalid=\"false\" placeholder=\"e-mail\" value=\"\" type=\"email\" name=\"feld367\" \/><\/span>\n\t\t\t<\/p>\n\t\t<\/div>\n\t\t<div class=\"right-column\">\n\t\t\t<p><span class=\"wpcf7-form-control-wrap\" data-name=\"feld368\"><input size=\"40\" maxlength=\"400\" class=\"wpcf7-form-control wpcf7-tel wpcf7-text wpcf7-validates-as-tel\" aria-invalid=\"false\" placeholder=\"telephone number\" value=\"\" type=\"tel\" name=\"feld368\" \/><\/span><br \/>\n<span class=\"wpcf7-form-control-wrap\" data-name=\"feld369\"><textarea cols=\"40\" rows=\"10\" maxlength=\"2000\" class=\"wpcf7-form-control wpcf7-textarea\" aria-invalid=\"false\" placeholder=\"message\" name=\"feld369\"><\/textarea><\/span><br \/>\n<span id=\"wpcf7-69fa0dc0cfdcc-wrapper\" class=\"wpcf7-form-control-wrap url-wrap\" ><label for=\"wpcf7-69fa0dc0cfdcc-field\" class=\"hp-message\">Bitte lasse dieses Feld leer.<\/label><input id=\"wpcf7-69fa0dc0cfdcc-field\"  class=\"wpcf7-form-control wpcf7-text\" type=\"text\" name=\"url\" value=\"\" size=\"40\" tabindex=\"-1\" autocomplete=\"new-password\" \/><\/span>\n\t\t\t<\/p>\n\t\t<\/div>\n\t<\/div>\n\t<div style=\"padding-top:28px;\">\n\t\t<p><span class=\"wpcf7-form-control-wrap\" data-name=\"acceptance-658\"><span class=\"wpcf7-form-control wpcf7-acceptance\"><span class=\"wpcf7-list-item\"><label><input type=\"checkbox\" name=\"acceptance-658\" value=\"1\" id=\"datenschutz\" aria-invalid=\"false\" \/><span class=\"wpcf7-list-item-label\">I have taken note of the <b><a href=\"\/datenschutz\">Privacy Notice<\/a><\/b>. I agree that the information and data I provide for the purpose of processing my enquiry will be collected and stored electronically. Please note: you can revoke your consent for the future at any time by sending an e-mail to info @ medilogisticsystems.com.<\/span><\/label><\/span><\/span><\/span>\n\t\t<\/p>\n\t<\/div>\n\t<div>\n\t\t<p><span id=\"ai1ic-YYhTs\" data-toggle=\"\" class=\"cf7ic-loader\">Loading...<\/span><br \/>\n<input class=\"wpcf7-form-control wpcf7-submit has-spinner\" type=\"submit\" value=\"Send\" \/>\n\t\t<\/p>\n\t<\/div>\n<\/div><div class=\"wpcf7-response-output\" aria-hidden=\"true\"><\/div>\n<\/form>\n<\/div>\n<div class=\"w-separator size_medium\"><\/div><\/div><\/div><\/div><\/div><\/div><\/section>\n","protected":false},"excerpt":{"rendered":"{:de} Gr\u00f6\u00dfe & Leistung passen immer K\u00fchlakkus f\u00fcrjeden Zweck K\u00fchlakkus Pharma Unsere PCM K\u00fchlelemente mit unterschiedlichen Schmelzpunkten bieten die M\u00f6glichkeit eines konstanten Temperaturerhalts w\u00e4hrend des passiven Transportes ohne weitere Energiezuf\u00fchrung von au\u00dfen. Der Produktbegriff PCM bedeutet \u201ePhase Change Material\u201c oder auch Phasenwechselspeicher. Mit dieser Begriffsbezeichnung wird die Wirkungsweise des PCM K\u00fchlelementes beschrieben, welches beim Phasen\u00fcbergang...","protected":false},"author":6,"featured_media":0,"parent":0,"menu_order":0,"comment_status":"closed","ping_status":"closed","template":"","meta":{"footnotes":""},"class_list":["post-8165","page","type-page","status-publish","hentry"],"translation":{"provider":"WPGlobus","version":"3.0.2","language":"en","enabled_languages":["de","en"],"languages":{"de":{"title":true,"content":true,"excerpt":false},"en":{"title":true,"content":true,"excerpt":false}}},"_links":{"self":[{"href":"https:\/\/medilogisticsystems.com\/en\/wp-json\/wp\/v2\/pages\/8165","targetHints":{"allow":["GET"]}}],"collection":[{"href":"https:\/\/medilogisticsystems.com\/en\/wp-json\/wp\/v2\/pages"}],"about":[{"href":"https:\/\/medilogisticsystems.com\/en\/wp-json\/wp\/v2\/types\/page"}],"author":[{"embeddable":true,"href":"https:\/\/medilogisticsystems.com\/en\/wp-json\/wp\/v2\/users\/6"}],"replies":[{"embeddable":true,"href":"https:\/\/medilogisticsystems.com\/en\/wp-json\/wp\/v2\/comments?post=8165"}],"version-history":[{"count":45,"href":"https:\/\/medilogisticsystems.com\/en\/wp-json\/wp\/v2\/pages\/8165\/revisions"}],"predecessor-version":[{"id":9489,"href":"https:\/\/medilogisticsystems.com\/en\/wp-json\/wp\/v2\/pages\/8165\/revisions\/9489"}],"wp:attachment":[{"href":"https:\/\/medilogisticsystems.com\/en\/wp-json\/wp\/v2\/media?parent=8165"}],"curies":[{"name":"wp","href":"https:\/\/api.w.org\/{rel}","templated":true}]}}