{"id":8546,"date":"2021-04-14T16:46:54","date_gmt":"2021-04-14T14:46:54","guid":{"rendered":"https:\/\/medilogisticsystems.com\/?page_id=8546"},"modified":"2025-08-13T09:34:31","modified_gmt":"2025-08-13T07:34:31","slug":"medibag","status":"publish","type":"page","link":"https:\/\/medilogisticsystems.com\/en\/medibag\/","title":{"rendered":"Medibag"},"content":{"rendered":"<section class=\"l-section wpb_row us_custom_9e96d0eb height_medium\"><div class=\"l-section-h i-cf\"><div class=\"g-cols vc_row via_flex valign_top type_default stacking_default\"><div class=\"vc_col-sm-12 wpb_column vc_column_container\"><div class=\"vc_column-inner\"><div class=\"wpb_wrapper\">\n\t\t\t<!-- START Slider Medibag responsive englisch REVOLUTION SLIDER 6.7.41 --><p class=\"rs-p-wp-fix\"><\/p>\n\t\t\t<rs-module-wrap id=\"rev_slider_51_1_wrapper\" data-source=\"gallery\" style=\"visibility:hidden;background:transparent;padding:0;margin:0px auto;margin-top:0;margin-bottom:0;\">\n\t\t\t\t<rs-module id=\"rev_slider_51_1\" style=\"\" data-version=\"6.7.41\">\n\t\t\t\t\t<rs-slides style=\"overflow: hidden; position: absolute;\">\n\t\t\t\t\t\t<rs-slide style=\"position: absolute;\" data-key=\"rs-95\" data-title=\"Slide\" data-thumb=\"\/\/medilogisticsystems.com\/wp-content\/uploads\/sites\/3\/2021\/04\/Banner-Medibag-100x50.jpg\" data-anim=\"adpr:false;ms:600;\" data-in=\"o:0;\" data-out=\"a:false;\">\n\t\t\t\t\t\t\t<img decoding=\"async\" src=\"\/\/medilogisticsystems.com\/wp-content\/plugins\/revslider\/sr6\/assets\/assets\/dummy.png\" alt=\"\" title=\"Banner-Medibag\" width=\"2400\" height=\"700\" class=\"rev-slidebg tp-rs-img rs-lazyload\" data-lazyload=\"\/\/medilogisticsystems.com\/wp-content\/uploads\/sites\/3\/2021\/04\/Banner-Medibag.jpg\" data-bg=\"p:70% 0%;\" data-no-retina>\n<!--\n\t\t\t\t\t\t\t--><rs-layer\n\t\t\t\t\t\t\t\tid=\"slider-51-slide-95-layer-0\" \n\t\t\t\t\t\t\t\tdata-type=\"shape\"\n\t\t\t\t\t\t\t\tdata-rsp_ch=\"on\"\n\t\t\t\t\t\t\t\tdata-xy=\"x:l,l,c,c;y:b;yo:0,0,-5px,-5px;\"\n\t\t\t\t\t\t\t\tdata-text=\"w:normal;s:20,16,12,9;l:0,20,15,11;\"\n\t\t\t\t\t\t\t\tdata-dim=\"w:90%;h:230px,189px,230px,230px;\"\n\t\t\t\t\t\t\t\tdata-vbility=\"f,f,t,t\"\n\t\t\t\t\t\t\t\tdata-frame_999=\"o:0;st:w;\"\n\t\t\t\t\t\t\t\tstyle=\"z-index:8;background-color:#233568;\"\n\t\t\t\t\t\t\t> \n\t\t\t\t\t\t\t<\/rs-layer><!--\n\n\t\t\t\t\t\t\t--><rs-layer\n\t\t\t\t\t\t\t\tid=\"slider-51-slide-95-layer-1\" \n\t\t\t\t\t\t\t\tclass=\"tp-shape tp-shapewrapper\"\n\t\t\t\t\t\t\t\tdata-type=\"shape\"\n\t\t\t\t\t\t\t\tdata-rsp_ch=\"on\"\n\t\t\t\t\t\t\t\tdata-xy=\"xo:21px;yo:250px;\"\n\t\t\t\t\t\t\t\tdata-text=\"fw:100;a:inherit;\"\n\t\t\t\t\t\t\t\tdata-dim=\"w:773px;h:267;\"\n\t\t\t\t\t\t\t\tdata-vbility=\"t,t,f,f\"\n\t\t\t\t\t\t\t\tdata-wrpcls=\"slider-mobile-text-background\"\n\t\t\t\t\t\t\t\tdata-frame_1=\"st:250;sR:250;\"\n\t\t\t\t\t\t\t\tdata-frame_999=\"o:0;st:w;sR:8450;\"\n\t\t\t\t\t\t\t\tstyle=\"z-index:10;background-color:rgba(0,0,0,0.5);\"\n\t\t\t\t\t\t\t> \n\t\t\t\t\t\t\t<\/rs-layer><!--\n\n\t\t\t\t\t\t\t--><rs-layer\n\t\t\t\t\t\t\t\tid=\"slider-51-slide-95-layer-2\" \n\t\t\t\t\t\t\t\tdata-type=\"text\"\n\t\t\t\t\t\t\t\tdata-rsp_ch=\"on\"\n\t\t\t\t\t\t\t\tdata-xy=\"xo:75px,75px,65px,45px;y:t,t,b,b;yo:304px,304px,160px,160px;\"\n\t\t\t\t\t\t\t\tdata-text=\"s:40,40,40,35;l:40,40,40,35;a:inherit;\"\n\t\t\t\t\t\t\t\tdata-wrpcls=\"slider-mobile-title\"\n\t\t\t\t\t\t\t\tdata-frame_0=\"y:-50px;\"\n\t\t\t\t\t\t\t\tdata-frame_1=\"st:330;sp:490;sR:330;\"\n\t\t\t\t\t\t\t\tdata-frame_999=\"o:0;st:w;sR:8180;\"\n\t\t\t\t\t\t\t\tstyle=\"z-index:12;font-family:'Open Sans';\"\n\t\t\t\t\t\t\t>Transport Medication \n\t\t\t\t\t\t\t<\/rs-layer><!--\n\n\t\t\t\t\t\t\t--><rs-layer\n\t\t\t\t\t\t\t\tid=\"slider-51-slide-95-layer-3\" \n\t\t\t\t\t\t\t\tdata-type=\"text\"\n\t\t\t\t\t\t\t\tdata-rsp_ch=\"on\"\n\t\t\t\t\t\t\t\tdata-xy=\"xo:75px,75px,65px,45px;y:t,t,b,b;yo:363px,363px,20px,20px;\"\n\t\t\t\t\t\t\t\tdata-text=\"s:50;l:50;fw:700;a:inherit;\"\n\t\t\t\t\t\t\t\tdata-dim=\"h:115px;\"\n\t\t\t\t\t\t\t\tdata-wrpcls=\"slider-mobile-text\"\n\t\t\t\t\t\t\t\tdata-frame_0=\"y:50px;\"\n\t\t\t\t\t\t\t\tdata-frame_1=\"st:600;sp:490;sR:600;\"\n\t\t\t\t\t\t\t\tdata-frame_999=\"o:0;st:w;sR:7910;\"\n\t\t\t\t\t\t\t\tstyle=\"z-index:11;font-family:'Open Sans';\"\n\t\t\t\t\t\t\t>Hardly bigger than a <br>\nBeautycase \n\t\t\t\t\t\t\t<\/rs-layer><!--\n\n\t\t\t\t\t\t\t--><rs-layer\n\t\t\t\t\t\t\t\tid=\"slider-51-slide-95-layer-4\" \n\t\t\t\t\t\t\t\tdata-type=\"shape\"\n\t\t\t\t\t\t\t\tdata-rsp_ch=\"on\"\n\t\t\t\t\t\t\t\tdata-xy=\"x:l,l,c,c;y:b;yo:0,0,-5px,-5px;\"\n\t\t\t\t\t\t\t\tdata-text=\"w:normal;s:20,16,12,9;l:0,20,15,11;\"\n\t\t\t\t\t\t\t\tdata-dim=\"w:90%,90%,100%,100%;h:230px,189px,200px,200px;\"\n\t\t\t\t\t\t\t\tdata-vbility=\"f,f,t,t\"\n\t\t\t\t\t\t\t\tdata-frame_999=\"o:0;st:w;\"\n\t\t\t\t\t\t\t\tstyle=\"z-index:7;background-color:#ffffff;\"\n\t\t\t\t\t\t\t> \n\t\t\t\t\t\t\t<\/rs-layer><!--\n-->\t\t\t\t\t<\/rs-slide>\n\t\t\t\t\t\t<rs-slide style=\"position: absolute;\" data-key=\"rs-102\" data-title=\"Slide\" data-thumb=\"\/\/medilogisticsystems.com\/wp-content\/uploads\/sites\/3\/2021\/07\/Banner-Medibag-100x50.jpg\" data-anim=\"adpr:false;ms:600;\" data-in=\"o:0;\" data-out=\"a:false;\">\n\t\t\t\t\t\t\t<img decoding=\"async\" src=\"\/\/medilogisticsystems.com\/wp-content\/plugins\/revslider\/sr6\/assets\/assets\/dummy.png\" alt=\"\" title=\"Banner-Medibag\" width=\"2400\" height=\"700\" class=\"rev-slidebg tp-rs-img rs-lazyload\" data-lazyload=\"\/\/medilogisticsystems.com\/wp-content\/uploads\/sites\/3\/2021\/07\/Banner-Medibag.jpg\" data-bg=\"p:70% 0%;\" data-no-retina>\n<!--\n\t\t\t\t\t\t\t--><rs-layer\n\t\t\t\t\t\t\t\tid=\"slider-51-slide-102-layer-0\" \n\t\t\t\t\t\t\t\tdata-type=\"shape\"\n\t\t\t\t\t\t\t\tdata-rsp_ch=\"on\"\n\t\t\t\t\t\t\t\tdata-xy=\"x:l,l,c,c;y:b;yo:0,0,-5px,-5px;\"\n\t\t\t\t\t\t\t\tdata-text=\"w:normal;s:20,16,12,9;l:0,20,15,11;\"\n\t\t\t\t\t\t\t\tdata-dim=\"w:90%;h:230px,189px,230px,230px;\"\n\t\t\t\t\t\t\t\tdata-vbility=\"f,f,t,t\"\n\t\t\t\t\t\t\t\tdata-frame_999=\"o:0;st:w;\"\n\t\t\t\t\t\t\t\tstyle=\"z-index:8;background-color:#233568;\"\n\t\t\t\t\t\t\t> \n\t\t\t\t\t\t\t<\/rs-layer><!--\n\n\t\t\t\t\t\t\t--><rs-layer\n\t\t\t\t\t\t\t\tid=\"slider-51-slide-102-layer-1\" \n\t\t\t\t\t\t\t\tclass=\"tp-shape tp-shapewrapper\"\n\t\t\t\t\t\t\t\tdata-type=\"shape\"\n\t\t\t\t\t\t\t\tdata-rsp_ch=\"on\"\n\t\t\t\t\t\t\t\tdata-xy=\"xo:21px;yo:250px;\"\n\t\t\t\t\t\t\t\tdata-text=\"fw:100;a:inherit;\"\n\t\t\t\t\t\t\t\tdata-dim=\"w:773px;h:267;\"\n\t\t\t\t\t\t\t\tdata-vbility=\"t,t,f,f\"\n\t\t\t\t\t\t\t\tdata-wrpcls=\"slider-mobile-text-background\"\n\t\t\t\t\t\t\t\tdata-frame_1=\"st:250;sR:250;\"\n\t\t\t\t\t\t\t\tdata-frame_999=\"o:0;st:w;sR:8450;\"\n\t\t\t\t\t\t\t\tstyle=\"z-index:10;background-color:rgba(0,0,0,0.5);\"\n\t\t\t\t\t\t\t> \n\t\t\t\t\t\t\t<\/rs-layer><!--\n\n\t\t\t\t\t\t\t--><rs-layer\n\t\t\t\t\t\t\t\tid=\"slider-51-slide-102-layer-2\" \n\t\t\t\t\t\t\t\tdata-type=\"text\"\n\t\t\t\t\t\t\t\tdata-rsp_ch=\"on\"\n\t\t\t\t\t\t\t\tdata-xy=\"xo:75px,75px,65px,45px;y:t,t,b,b;yo:304px,304px,160px,160px;\"\n\t\t\t\t\t\t\t\tdata-text=\"s:40,40,40,35;l:40,40,40,35;a:inherit;\"\n\t\t\t\t\t\t\t\tdata-wrpcls=\"slider-mobile-title\"\n\t\t\t\t\t\t\t\tdata-frame_0=\"y:-50px;\"\n\t\t\t\t\t\t\t\tdata-frame_1=\"st:330;sp:490;sR:330;\"\n\t\t\t\t\t\t\t\tdata-frame_999=\"o:0;st:w;sR:8180;\"\n\t\t\t\t\t\t\t\tstyle=\"z-index:12;font-family:'Open Sans';\"\n\t\t\t\t\t\t\t>Transport von Medikamenten \n\t\t\t\t\t\t\t<\/rs-layer><!--\n\n\t\t\t\t\t\t\t--><rs-layer\n\t\t\t\t\t\t\t\tid=\"slider-51-slide-102-layer-3\" \n\t\t\t\t\t\t\t\tdata-type=\"text\"\n\t\t\t\t\t\t\t\tdata-rsp_ch=\"on\"\n\t\t\t\t\t\t\t\tdata-xy=\"xo:75px,75px,65px,45px;y:t,t,b,b;yo:363px,363px,20px,20px;\"\n\t\t\t\t\t\t\t\tdata-text=\"s:50;l:50;fw:700;a:inherit;\"\n\t\t\t\t\t\t\t\tdata-dim=\"h:115px;\"\n\t\t\t\t\t\t\t\tdata-wrpcls=\"slider-mobile-text\"\n\t\t\t\t\t\t\t\tdata-frame_0=\"y:50px;\"\n\t\t\t\t\t\t\t\tdata-frame_1=\"st:600;sp:490;sR:600;\"\n\t\t\t\t\t\t\t\tdata-frame_999=\"o:0;st:w;sR:7910;\"\n\t\t\t\t\t\t\t\tstyle=\"z-index:11;font-family:'Open Sans';\"\n\t\t\t\t\t\t\t>Kaum gr\u00f6\u00dfer als<br> ein Beautycase \n\t\t\t\t\t\t\t<\/rs-layer><!--\n\n\t\t\t\t\t\t\t--><rs-layer\n\t\t\t\t\t\t\t\tid=\"slider-51-slide-102-layer-4\" \n\t\t\t\t\t\t\t\tdata-type=\"shape\"\n\t\t\t\t\t\t\t\tdata-rsp_ch=\"on\"\n\t\t\t\t\t\t\t\tdata-xy=\"x:l,l,c,c;y:b;yo:0,0,-5px,-5px;\"\n\t\t\t\t\t\t\t\tdata-text=\"w:normal;s:20,16,12,9;l:0,20,15,11;\"\n\t\t\t\t\t\t\t\tdata-dim=\"w:90%,90%,100%,100%;h:230px,189px,200px,200px;\"\n\t\t\t\t\t\t\t\tdata-vbility=\"f,f,t,t\"\n\t\t\t\t\t\t\t\tdata-frame_999=\"o:0;st:w;\"\n\t\t\t\t\t\t\t\tstyle=\"z-index:7;background-color:#ffffff;\"\n\t\t\t\t\t\t\t> \n\t\t\t\t\t\t\t<\/rs-layer><!--\n-->\t\t\t\t\t<\/rs-slide>\n\t\t\t\t\t<\/rs-slides>\n\t\t\t\t<\/rs-module>\n\t\t\t\t<script>\n\t\t\t\t\tsetREVStartSize({c: 'rev_slider_51_1',rl:[1240,1024,778,480],el:[553,768,750,750],gw:[1240,1024,778,600],gh:[553,768,750,750],type:'standard',justify:'',layout:'fullwidth',mh:\"0\"});if (window.RS_MODULES!==undefined && window.RS_MODULES.modules!==undefined && window.RS_MODULES.modules[\"revslider511\"]!==undefined) {window.RS_MODULES.modules[\"revslider511\"].once = false;window.revapi51 = undefined;if (window.RS_MODULES.checkMinimal!==undefined) window.RS_MODULES.checkMinimal()}\n\t\t\t\t<\/script>\n\t\t\t<\/rs-module-wrap>\n\t\t\t<!-- END REVOLUTION SLIDER -->\n<\/div><\/div><\/div><\/div><\/div><\/section><section class=\"l-section wpb_row height_medium\"><div class=\"l-section-h i-cf\"><div class=\"g-cols vc_row via_flex valign_top type_default stacking_default\"><div class=\"vc_col-sm-3 wpb_column vc_column_container\"><div class=\"vc_column-inner\"><div class=\"wpb_wrapper\"><div class=\"w-image align_none\"><div class=\"w-image-h\"><img decoding=\"async\" width=\"300\" height=\"190\" src=\"https:\/\/medilogisticsystems.com\/wp-content\/uploads\/sites\/3\/2021\/09\/Logo-Medibag-300x190.jpg\" class=\"attachment-medium size-medium\" alt=\"\" loading=\"lazy\" srcset=\"https:\/\/medilogisticsystems.com\/wp-content\/uploads\/sites\/3\/2021\/09\/Logo-Medibag-300x190.jpg 300w, https:\/\/medilogisticsystems.com\/wp-content\/uploads\/sites\/3\/2021\/09\/Logo-Medibag-1024x649.jpg 1024w\" sizes=\"auto, (max-width: 300px) 100vw, 300px\" \/><\/div><\/div><\/div><\/div><\/div><div class=\"vc_col-sm-9 wpb_column vc_column_container\"><div class=\"vc_column-inner\"><div class=\"wpb_wrapper\"><div class=\"w-separator size_medium\"><\/div><div class=\"wpb_text_column\"><div class=\"wpb_wrapper\"><h1 class=\"ng-binding\" style=\"text-align: left;\">MEDIBAG<\/h1>\n<\/div><\/div><\/div><\/div><\/div><\/div><\/div><\/section><section class=\"l-section wpb_row height_medium\"><div class=\"l-section-h i-cf\"><div class=\"g-cols vc_row via_flex valign_top type_default stacking_default\"><div class=\"vc_col-sm-12 wpb_column vc_column_container\"><div class=\"vc_column-inner\"><div class=\"wpb_wrapper\"><div class=\"g-cols wpb_row via_flex valign_top type_default stacking_default\"><div class=\"vc_col-sm-12 wpb_column vc_column_container\"><div class=\"vc_column-inner\"><div class=\"wpb_wrapper\"><div class=\"wpb_text_column\"><div class=\"wpb_wrapper\"><h2>The new transport bag for medicines that needs to be refrigerated.<\/h2>\n<p>Anyone who has to supply themselves with refrigerated medicines knows the problem of transporting their medicines. Personal mobility is restricted, which leads to a considerable loss of quality of life. The opportunity to travel is more difficult.<\/p>\n<p>OHLRO now offers a solution that enables the patient to have flexible access to his medication and to be sure that they will arrive safely at their holiday destination.<\/p>\n<p>The bag itself is hardly bigger than a beauty case. The cool-pack-battery-system offers an extended temperature hold even when the outside temperature is warm. If necessary, a temperature data logger can also be carried, which continuously records and logs the internal temperature.<\/p>\n<p>Performance data:<br \/>\nMediBag +2\u00b0C to +8\u00b0C \/ Approx. 14 hours according to tested and specified conditions (according to packaging instructions).<br \/>\nMediBag +25\u00b0C to +15\u00b0C \/ Approx. 11 hours according to tested and specified conditions (according to packaging instructions).<\/p>\n<p>We would be happy to advise you on this product if you are interested!<\/p>\n<\/div><\/div><\/div><\/div><\/div><\/div><\/div><\/div><\/div><\/div><\/div><\/section><section class=\"l-section wpb_row us_custom_e10888ff height_medium\"><div class=\"l-section-h i-cf\"><div class=\"g-cols vc_row via_flex valign_top type_default stacking_default\"><div class=\"vc_col-sm-6 wpb_column vc_column_container\"><div class=\"vc_column-inner\"><div class=\"wpb_wrapper\"><div class=\"wpb_text_column\"><div class=\"wpb_wrapper\"><h2 style=\"text-align: center; font-size: 24px;\">MediBag +2\u00b0C bis +8\u00b0C<\/h2>\n<\/div><\/div><div class=\"w-btn-wrapper align_center\"><a class=\"w-btn us-btn-style_2 us_custom_91f16236\" target=\"_blank\" rel=\"nofollow\" href=\"https:\/\/www.ohlro.de\/article\/medibag-medical-bag-2-bis-8-c-?artnr=27002\"><span class=\"w-btn-label\">Order directly here<\/span><\/a><\/div><div class=\"w-btn-wrapper align_center\"><a class=\"w-btn us-btn-style_1 us_custom_91f16236\" target=\"_blank\" rel=\"nofollow\" href=\"\/wp-content\/uploads\/sites\/3\/2021\/07\/MEDIBAG-Verpackungsanweisung.pdf\"><span class=\"w-btn-label\">Packing instruction<\/span><\/a><\/div><div class=\"w-btn-wrapper align_center\"><a class=\"w-btn us-btn-style_1 us_custom_91f16236\" target=\"_blank\" rel=\"nofollow\" href=\"https:\/\/medilogisticsystems.com\/wp-content\/uploads\/sites\/3\/2021\/09\/0008-270521-OHLRO-MediBag-Temperaturmessung.pdf\"><span class=\"w-btn-label\">Temperature measurement<\/span><\/a><\/div><\/div><\/div><\/div><div class=\"vc_col-sm-6 wpb_column vc_column_container\"><div class=\"vc_column-inner\"><div class=\"wpb_wrapper\"><div class=\"wpb_text_column\"><div class=\"wpb_wrapper\"><h2 style=\"text-align: center; font-size: 24px;\">MediBag +25\u00b0C bis +15\u00b0C.<\/h2>\n<\/div><\/div><div class=\"w-btn-wrapper align_center\"><a class=\"w-btn us-btn-style_29 us_custom_91f16236\" target=\"_blank\" rel=\"nofollow\" href=\"https:\/\/www.ohlro.de\/article\/medibag-medical-bag-temperaturbereich-15-bis-20-c?artnr=27008\"><span class=\"w-btn-label\">Order directly here<\/span><\/a><\/div><div class=\"w-btn-wrapper align_center\"><a class=\"w-btn us-btn-style_28 us_custom_91f16236\" target=\"_blank\" rel=\"nofollow\" href=\"\/wp-content\/uploads\/sites\/3\/2021\/10\/OHLRO-MediBag-Verpackungsanweisung25\u00b0Cbis15\u00b0C.pdf\"><span class=\"w-btn-label\">Packing instruction<\/span><\/a><\/div><div class=\"w-btn-wrapper align_center\"><a class=\"w-btn us-btn-style_28 us_custom_91f16236\" target=\"_blank\" rel=\"nofollow\" href=\"https:\/\/medilogisticsystems.com\/wp-content\/uploads\/sites\/3\/2021\/10\/OHLRO-MediBag-Temperaturmessung25\u00b0Cbis15\u00b0C-1.pdf\"><span class=\"w-btn-label\">Temperature measurement<\/span><\/a><\/div><\/div><\/div><\/div><\/div><\/div><\/section><section class=\"l-section wpb_row us_custom_887a049b height_medium\"><div class=\"l-section-h i-cf\"><div class=\"g-cols vc_row via_flex valign_top type_default stacking_default\"><div class=\"vc_col-sm-12 wpb_column vc_column_container\"><div class=\"vc_column-inner\"><div class=\"wpb_wrapper\"><div class=\"w-separator size_medium\"><\/div><div class=\"w-image us_custom_887a049b align_center\"><a ref=\"magnificPopup\" href=\"https:\/\/medilogisticsystems.com\/wp-content\/uploads\/sites\/3\/2021\/04\/Structur-Medibag-en.png\" aria-label=\"Structur-Medibag-en\" class=\"w-image-h\"><img decoding=\"async\" width=\"1024\" height=\"576\" src=\"https:\/\/medilogisticsystems.com\/wp-content\/uploads\/sites\/3\/2021\/04\/Structur-Medibag-en-1024x576.png\" class=\"attachment-large size-large\" alt=\"\" loading=\"lazy\" srcset=\"https:\/\/medilogisticsystems.com\/wp-content\/uploads\/sites\/3\/2021\/04\/Structur-Medibag-en-1024x576.png 1024w, https:\/\/medilogisticsystems.com\/wp-content\/uploads\/sites\/3\/2021\/04\/Structur-Medibag-en-300x169.png 300w, https:\/\/medilogisticsystems.com\/wp-content\/uploads\/sites\/3\/2021\/04\/Structur-Medibag-en.png 1280w\" sizes=\"auto, (max-width: 1024px) 100vw, 1024px\" \/><\/a><\/div><\/div><\/div><\/div><\/div><\/div><\/section><section class=\"l-section wpb_row us_custom_b03640aa height_medium\"><div class=\"l-section-h i-cf\"><div class=\"g-cols vc_row via_flex valign_top type_default stacking_default\"><div class=\"vc_col-sm-12 wpb_column vc_column_container\"><div class=\"vc_column-inner\"><div class=\"wpb_wrapper\"><div class=\"wpb_text_column\"><div class=\"wpb_wrapper\"><div class=\"wpb_text_column\">\n<div class=\"wpb_wrapper\">\n<h2 style=\"font-size: 24px;\"><span class=\"TextRun SCXW118680874 BCX0\" lang=\"DE-DE\" xml:lang=\"DE-DE\" data-contrast=\"auto\"><span class=\"NormalTextRun SCXW118680874 BCX0\">Data <\/span><span class=\"NormalTextRun SCXW118680874 BCX0\">and<\/span><span class=\"NormalTextRun SCXW118680874 BCX0\">\u00a0<\/span><span class=\"NormalTextRun SpellingErrorV2 SCXW118680874 BCX0\">facts<\/span><span class=\"NormalTextRun SCXW118680874 BCX0\"> :<\/span><\/span><\/h2>\n<\/div>\n<\/div>\n<div class=\"wpb_text_column\">\n<div class=\"wpb_wrapper\">\n<div><span class=\"TextRun SCXW268256666 BCX0\" lang=\"DE-DE\" xml:lang=\"DE-DE\" data-contrast=\"auto\"><span class=\"NormalTextRun SCXW268256666 BCX0\">External<\/span><span class=\"NormalTextRun SCXW268256666 BCX0\">\u00a0<\/span><span class=\"NormalTextRun SpellingErrorV2 SCXW268256666 BCX0\">dimensions<\/span><\/span>: 370 x 230 x 230 mm<\/div>\n<div><span class=\"NormalTextRun SpellingErrorV2 BCX0 DefaultHighlightTransition SCXW131568487\">Inner<\/span><span class=\"NormalTextRun BCX0 SCXW131568487\">\u00a0<\/span><span class=\"NormalTextRun SpellingErrorV2 BCX0 DefaultHighlightTransition SCXW131568487\">dimensions<\/span>: 270 x 165 x 80 mm<\/div>\n<div><span class=\"TextRun SCXW256801118 BCX0\" lang=\"DE-DE\" xml:lang=\"DE-DE\" data-contrast=\"auto\"><span class=\"NormalTextRun SCXW256801118 BCX0\">Volume<\/span><\/span>: 3.5 l<\/div>\n<div><span class=\"TextRun SCXW80859730 BCX0\" lang=\"DE-DE\" xml:lang=\"DE-DE\" data-contrast=\"auto\"><span class=\"NormalTextRun SCXW80859730 BCX0\">Wall\u00a0<\/span><span class=\"NormalTextRun SpellingErrorV2 SCXW80859730 BCX0\">thickness<\/span><\/span>: 30 mm<\/div>\n<\/div>\n<\/div>\n<\/div><\/div><\/div><\/div><\/div><\/div><\/div><\/section><section class=\"l-section wpb_row height_medium\"><div class=\"l-section-h i-cf\"><div class=\"g-cols vc_row via_flex valign_top type_default stacking_default\"><div class=\"vc_col-sm-6 wpb_column vc_column_container\"><div class=\"vc_column-inner\"><div class=\"wpb_wrapper\"><div class=\"wpb_text_column\"><div class=\"wpb_wrapper\"><h2 style=\"text-align: left; font-size: 24px;\">MediBag +2\u00b0C bis +8\u00b0C<\/h2>\n<\/div><\/div><div class=\"w-btn-wrapper align_left\"><a class=\"w-btn us-btn-style_1 us_custom_38c2fe40\" target=\"_blank\" rel=\"nofollow\" href=\"https:\/\/www.ohlro.de\/article\/medibag-medical-bag-2-bis-8-c-?artnr=27002\"><span class=\"w-btn-label\">Hier direkt bestellen<\/span><\/a><\/div><\/div><\/div><\/div><div class=\"vc_col-sm-6 wpb_column vc_column_container\"><div class=\"vc_column-inner\"><div class=\"wpb_wrapper\"><div class=\"wpb_text_column\"><div class=\"wpb_wrapper\"><h2 style=\"text-align: left; font-size: 24px;\">MediBag +25\u00b0C bis +15\u00b0C.<\/h2>\n<\/div><\/div><div class=\"w-btn-wrapper align_left\"><a class=\"w-btn us-btn-style_29 us_custom_38c2fe40\" target=\"_blank\" rel=\"nofollow\" href=\"https:\/\/www.ohlro.de\/article\/medibag-medical-bag-temperaturbereich-15-bis-20-c?artnr=27008\"><span class=\"w-btn-label\">Hier direkt bestellen<\/span><\/a><\/div><\/div><\/div><\/div><\/div><\/div><\/section><section class=\"l-section wpb_row height_medium\"><div class=\"l-section-h i-cf\"><div class=\"g-cols vc_row via_flex valign_top type_default stacking_default\"><div class=\"vc_col-sm-12 wpb_column vc_column_container\"><div class=\"vc_column-inner\"><div class=\"wpb_wrapper\"><div class=\"w-separator size_medium\"><\/div><div class=\"wpb_text_column\"><div class=\"wpb_wrapper\"><h2 style=\"text-align: center;\">CONTACT FORM<\/h2>\n<\/div><\/div><div class=\"w-separator size_small\"><\/div>\n<div class=\"wpcf7 no-js\" id=\"wpcf7-f8025-o1\" lang=\"de-DE\" dir=\"ltr\" data-wpcf7-id=\"8025\">\n<div class=\"screen-reader-response\"><p role=\"status\" aria-live=\"polite\" aria-atomic=\"true\"><\/p> <ul><\/ul><\/div>\n<form action=\"\/en\/wp-json\/wp\/v2\/pages\/8546#wpcf7-f8025-o1\" method=\"post\" class=\"wpcf7-form init\" aria-label=\"Kontaktformular\" novalidate=\"novalidate\" data-status=\"init\">\n<fieldset class=\"hidden-fields-container\"><input type=\"hidden\" name=\"_wpcf7\" value=\"8025\" \/><input type=\"hidden\" name=\"_wpcf7_version\" value=\"6.1.5\" \/><input type=\"hidden\" name=\"_wpcf7_locale\" value=\"de_DE\" \/><input type=\"hidden\" name=\"_wpcf7_unit_tag\" value=\"wpcf7-f8025-o1\" \/><input type=\"hidden\" name=\"_wpcf7_container_post\" value=\"0\" \/><input type=\"hidden\" name=\"_wpcf7_posted_data_hash\" value=\"\" \/>\n<\/fieldset>\n<div style=\"display: flex; flex-direction: column; justify-content: space-between;\">\n\t<div class=\"wps-form\">\n\t\t<div class=\"left-column\">\n\t\t\t<p><span class=\"wpcf7-form-control-wrap\" data-name=\"feld364\"><input size=\"40\" maxlength=\"400\" class=\"wpcf7-form-control wpcf7-text\" aria-invalid=\"false\" placeholder=\"company\" value=\"\" type=\"text\" name=\"feld364\" \/><\/span><br \/>\n<span class=\"wpcf7-form-control-wrap\" data-name=\"feld365\"><input size=\"40\" maxlength=\"400\" class=\"wpcf7-form-control wpcf7-text wpcf7-validates-as-required\" aria-required=\"true\" aria-invalid=\"false\" placeholder=\"contact person\" value=\"\" type=\"text\" name=\"feld365\" \/><\/span><br \/>\n<span class=\"wpcf7-form-control-wrap\" data-name=\"feld366\"><input size=\"40\" maxlength=\"400\" class=\"wpcf7-form-control wpcf7-text\" aria-invalid=\"false\" placeholder=\"address\" value=\"\" type=\"text\" name=\"feld366\" \/><\/span><br \/>\n<span class=\"wpcf7-form-control-wrap\" data-name=\"feld367\"><input size=\"40\" maxlength=\"400\" class=\"wpcf7-form-control wpcf7-email wpcf7-validates-as-required wpcf7-text wpcf7-validates-as-email\" aria-required=\"true\" aria-invalid=\"false\" placeholder=\"e-mail\" value=\"\" type=\"email\" name=\"feld367\" \/><\/span>\n\t\t\t<\/p>\n\t\t<\/div>\n\t\t<div class=\"right-column\">\n\t\t\t<p><span class=\"wpcf7-form-control-wrap\" data-name=\"feld368\"><input size=\"40\" maxlength=\"400\" class=\"wpcf7-form-control wpcf7-tel wpcf7-text wpcf7-validates-as-tel\" aria-invalid=\"false\" placeholder=\"telephone number\" value=\"\" type=\"tel\" name=\"feld368\" \/><\/span><br \/>\n<span class=\"wpcf7-form-control-wrap\" data-name=\"feld369\"><textarea cols=\"40\" rows=\"10\" maxlength=\"2000\" class=\"wpcf7-form-control wpcf7-textarea\" aria-invalid=\"false\" placeholder=\"message\" name=\"feld369\"><\/textarea><\/span><br \/>\n<span id=\"wpcf7-69ddf848e353b-wrapper\" class=\"wpcf7-form-control-wrap url-wrap\" ><label for=\"wpcf7-69ddf848e353b-field\" class=\"hp-message\">Bitte lasse dieses Feld leer.<\/label><input id=\"wpcf7-69ddf848e353b-field\"  class=\"wpcf7-form-control wpcf7-text\" type=\"text\" name=\"url\" value=\"\" size=\"40\" tabindex=\"-1\" autocomplete=\"new-password\" \/><\/span>\n\t\t\t<\/p>\n\t\t<\/div>\n\t<\/div>\n\t<div style=\"padding-top:28px;\">\n\t\t<p><span class=\"wpcf7-form-control-wrap\" data-name=\"acceptance-658\"><span class=\"wpcf7-form-control wpcf7-acceptance\"><span class=\"wpcf7-list-item\"><label><input type=\"checkbox\" name=\"acceptance-658\" value=\"1\" id=\"datenschutz\" aria-invalid=\"false\" \/><span class=\"wpcf7-list-item-label\">I have taken note of the <b><a href=\"\/datenschutz\">Privacy Notice<\/a><\/b>. I agree that the information and data I provide for the purpose of processing my enquiry will be collected and stored electronically. Please note: you can revoke your consent for the future at any time by sending an e-mail to info @ medilogisticsystems.com.<\/span><\/label><\/span><\/span><\/span>\n\t\t<\/p>\n\t<\/div>\n\t<div>\n\t\t<p><span id=\"ai1ic-DXvUv\" data-toggle=\"\" class=\"cf7ic-loader\">Loading...<\/span><br \/>\n<input class=\"wpcf7-form-control wpcf7-submit has-spinner\" type=\"submit\" value=\"Send\" \/>\n\t\t<\/p>\n\t<\/div>\n<\/div><div class=\"wpcf7-response-output\" aria-hidden=\"true\"><\/div>\n<\/form>\n<\/div>\n<div class=\"w-separator size_medium\"><\/div><\/div><\/div><\/div><\/div><\/div><\/section><div class=\"vc_col-sm-12 wpb_column vc_column_container\"><div class=\"vc_column-inner\"><div class=\"wpb_wrapper\"><\/div><\/div><\/div>\n","protected":false},"excerpt":{"rendered":"{:de} Transport von Medikamenten Kaum gr\u00f6\u00dfer als ein Beautycase MEDIBAG Die neue Transporttasche f\u00fcr k\u00fchlpflichtige Medikamente Wer sich selbst mit k\u00fchlpflichtigen Medikamenten versorgen muss, der kennt das Problem des Transportes seiner Medikamente. Die pers\u00f6nliche Mobilit\u00e4t wird eingeschr\u00e4nkt, was zu einem erheblichen Verlust an Lebensqualit\u00e4t f\u00fchrt. Die M\u00f6glichkeit zu Reisen wird erheblich erschwert. OHLRO bietet jetzt...","protected":false},"author":1,"featured_media":0,"parent":0,"menu_order":0,"comment_status":"closed","ping_status":"closed","template":"","meta":{"footnotes":""},"class_list":["post-8546","page","type-page","status-publish","hentry"],"translation":{"provider":"WPGlobus","version":"3.0.2","language":"en","enabled_languages":["de","en"],"languages":{"de":{"title":true,"content":true,"excerpt":false},"en":{"title":true,"content":true,"excerpt":false}}},"_links":{"self":[{"href":"https:\/\/medilogisticsystems.com\/en\/wp-json\/wp\/v2\/pages\/8546","targetHints":{"allow":["GET"]}}],"collection":[{"href":"https:\/\/medilogisticsystems.com\/en\/wp-json\/wp\/v2\/pages"}],"about":[{"href":"https:\/\/medilogisticsystems.com\/en\/wp-json\/wp\/v2\/types\/page"}],"author":[{"embeddable":true,"href":"https:\/\/medilogisticsystems.com\/en\/wp-json\/wp\/v2\/users\/1"}],"replies":[{"embeddable":true,"href":"https:\/\/medilogisticsystems.com\/en\/wp-json\/wp\/v2\/comments?post=8546"}],"version-history":[{"count":125,"href":"https:\/\/medilogisticsystems.com\/en\/wp-json\/wp\/v2\/pages\/8546\/revisions"}],"predecessor-version":[{"id":9518,"href":"https:\/\/medilogisticsystems.com\/en\/wp-json\/wp\/v2\/pages\/8546\/revisions\/9518"}],"wp:attachment":[{"href":"https:\/\/medilogisticsystems.com\/en\/wp-json\/wp\/v2\/media?parent=8546"}],"curies":[{"name":"wp","href":"https:\/\/api.w.org\/{rel}","templated":true}]}}