{"id":8881,"date":"2022-02-10T16:42:31","date_gmt":"2022-02-10T15:42:31","guid":{"rendered":"https:\/\/medilogisticsystems.com\/?page_id=8881"},"modified":"2025-07-30T15:51:23","modified_gmt":"2025-07-30T13:51:23","slug":"medisecuret","status":"publish","type":"page","link":"https:\/\/medilogisticsystems.com\/en\/medisecuret\/","title":{"rendered":"MediSecuret"},"content":{"rendered":"<section class=\"l-section wpb_row us_custom_9e96d0eb height_medium\"><div class=\"l-section-h i-cf\"><div class=\"g-cols vc_row via_flex valign_top type_default stacking_default\"><div class=\"vc_col-sm-12 wpb_column vc_column_container\"><div class=\"vc_column-inner\"><div class=\"wpb_wrapper\">\n\t\t\t<!-- START MediSecuret Slider responsive englisch 1 REVOLUTION SLIDER 6.7.41 --><p class=\"rs-p-wp-fix\"><\/p>\n\t\t\t<rs-module-wrap id=\"rev_slider_55_1_wrapper\" data-source=\"gallery\" style=\"visibility:hidden;background:transparent;padding:0;margin:0px auto;margin-top:0;margin-bottom:0;\">\n\t\t\t\t<rs-module id=\"rev_slider_55_1\" style=\"\" data-version=\"6.7.41\">\n\t\t\t\t\t<rs-slides style=\"overflow: hidden; position: absolute;\">\n\t\t\t\t\t\t<rs-slide style=\"position: absolute;\" data-key=\"rs-109\" data-title=\"Slide\" data-anim=\"adpr:false;ms:600;\" data-in=\"o:0;\" data-out=\"a:false;\">\n\t\t\t\t\t\t\t<img decoding=\"async\" src=\"\/\/medilogisticsystems.com\/wp-content\/plugins\/revslider\/sr6\/assets\/assets\/dummy.png\" alt=\"\" title=\"Banner-Pharmabox\" width=\"2400\" height=\"700\" class=\"rev-slidebg tp-rs-img rs-lazyload\" data-lazyload=\"\/\/medilogisticsystems.com\/wp-content\/uploads\/sites\/3\/2020\/11\/Banner-Pharmabox.jpg\" data-bg=\"p:70% 0%;\" data-no-retina>\n<!--\n\t\t\t\t\t\t\t--><rs-layer\n\t\t\t\t\t\t\t\tid=\"slider-55-slide-109-layer-0\" \n\t\t\t\t\t\t\t\tdata-type=\"shape\"\n\t\t\t\t\t\t\t\tdata-rsp_ch=\"on\"\n\t\t\t\t\t\t\t\tdata-xy=\"x:l,l,c,c;y:b;yo:0,0,-5px,-5px;\"\n\t\t\t\t\t\t\t\tdata-text=\"w:normal;s:20,16,12,9;l:0,20,15,11;\"\n\t\t\t\t\t\t\t\tdata-dim=\"w:90%;h:230px,189px,230px,230px;\"\n\t\t\t\t\t\t\t\tdata-vbility=\"f,f,t,t\"\n\t\t\t\t\t\t\t\tdata-frame_999=\"o:0;st:w;\"\n\t\t\t\t\t\t\t\tstyle=\"z-index:6;background-color:#233568;\"\n\t\t\t\t\t\t\t> \n\t\t\t\t\t\t\t<\/rs-layer><!--\n\n\t\t\t\t\t\t\t--><rs-layer\n\t\t\t\t\t\t\t\tid=\"slider-55-slide-109-layer-1\" \n\t\t\t\t\t\t\t\tclass=\"tp-shape tp-shapewrapper\"\n\t\t\t\t\t\t\t\tdata-type=\"shape\"\n\t\t\t\t\t\t\t\tdata-rsp_ch=\"on\"\n\t\t\t\t\t\t\t\tdata-xy=\"xo:21px;yo:250px;\"\n\t\t\t\t\t\t\t\tdata-text=\"fw:100;a:inherit;\"\n\t\t\t\t\t\t\t\tdata-dim=\"w:773px;h:267;\"\n\t\t\t\t\t\t\t\tdata-vbility=\"t,t,f,f\"\n\t\t\t\t\t\t\t\tdata-wrpcls=\"slider-mobile-text-background\"\n\t\t\t\t\t\t\t\tdata-frame_1=\"st:250;sR:250;\"\n\t\t\t\t\t\t\t\tdata-frame_999=\"o:0;st:w;sR:8450;\"\n\t\t\t\t\t\t\t\tstyle=\"z-index:8;background-color:rgba(0,0,0,0.5);\"\n\t\t\t\t\t\t\t> \n\t\t\t\t\t\t\t<\/rs-layer><!--\n\n\t\t\t\t\t\t\t--><rs-layer\n\t\t\t\t\t\t\t\tid=\"slider-55-slide-109-layer-2\" \n\t\t\t\t\t\t\t\tdata-type=\"text\"\n\t\t\t\t\t\t\t\tdata-rsp_ch=\"on\"\n\t\t\t\t\t\t\t\tdata-xy=\"xo:75px,75px,65px,45px;y:t,t,b,b;yo:304px,304px,160px,160px;\"\n\t\t\t\t\t\t\t\tdata-text=\"s:40,40,40,32;l:40,40,40,35;a:inherit;\"\n\t\t\t\t\t\t\t\tdata-wrpcls=\"slider-mobile-title\"\n\t\t\t\t\t\t\t\tdata-frame_0=\"y:-50px;\"\n\t\t\t\t\t\t\t\tdata-frame_1=\"st:330;sp:490;sR:330;\"\n\t\t\t\t\t\t\t\tdata-frame_999=\"o:0;st:w;sR:8180;\"\n\t\t\t\t\t\t\t\tstyle=\"z-index:11;font-family:'Open Sans';\"\n\t\t\t\t\t\t\t>Flexible size \u2013 perfect isolation \n\t\t\t\t\t\t\t<\/rs-layer><!--\n\n\t\t\t\t\t\t\t--><rs-layer\n\t\t\t\t\t\t\t\tid=\"slider-55-slide-109-layer-3\" \n\t\t\t\t\t\t\t\tdata-type=\"text\"\n\t\t\t\t\t\t\t\tdata-rsp_ch=\"on\"\n\t\t\t\t\t\t\t\tdata-xy=\"xo:75px,75px,65px,45px;y:t,t,b,b;yo:363px,363px,20px,10px;\"\n\t\t\t\t\t\t\t\tdata-text=\"s:50,50,50,48;l:50,50,50,48;fw:700;a:inherit;\"\n\t\t\t\t\t\t\t\tdata-dim=\"h:115px,115px,115px,auto;\"\n\t\t\t\t\t\t\t\tdata-vbility=\"t,t,t,f\"\n\t\t\t\t\t\t\t\tdata-wrpcls=\"slider-mobile-text\"\n\t\t\t\t\t\t\t\tdata-frame_0=\"y:50px;\"\n\t\t\t\t\t\t\t\tdata-frame_1=\"st:600;sp:490;sR:600;\"\n\t\t\t\t\t\t\t\tdata-frame_999=\"o:0;st:w;sR:7910;\"\n\t\t\t\t\t\t\t\tstyle=\"z-index:10;font-family:'Open Sans';\"\n\t\t\t\t\t\t\t>MediSecuret even <br> in difficult circumstances \n\t\t\t\t\t\t\t<\/rs-layer><!--\n\n\t\t\t\t\t\t\t--><rs-layer\n\t\t\t\t\t\t\t\tid=\"slider-55-slide-109-layer-4\" \n\t\t\t\t\t\t\t\tdata-type=\"shape\"\n\t\t\t\t\t\t\t\tdata-rsp_ch=\"on\"\n\t\t\t\t\t\t\t\tdata-xy=\"x:l,l,c,c;y:b;yo:0,0,-5px,-5px;\"\n\t\t\t\t\t\t\t\tdata-text=\"w:normal;s:20,16,12,9;l:0,20,15,11;\"\n\t\t\t\t\t\t\t\tdata-dim=\"w:90%,90%,100%,100%;h:230px,189px,200px,200px;\"\n\t\t\t\t\t\t\t\tdata-vbility=\"f,f,t,t\"\n\t\t\t\t\t\t\t\tdata-frame_999=\"o:0;st:w;\"\n\t\t\t\t\t\t\t\tstyle=\"z-index:5;background-color:#ffffff;\"\n\t\t\t\t\t\t\t> \n\t\t\t\t\t\t\t<\/rs-layer><!--\n\n\t\t\t\t\t\t\t--><rs-layer\n\t\t\t\t\t\t\t\tid=\"slider-55-slide-109-layer-5\" \n\t\t\t\t\t\t\t\tdata-type=\"text\"\n\t\t\t\t\t\t\t\tdata-rsp_ch=\"on\"\n\t\t\t\t\t\t\t\tdata-xy=\"xo:75px,75px,65px,45px;y:t,t,b,b;yo:363px,363px,20px,10px;\"\n\t\t\t\t\t\t\t\tdata-text=\"s:50,50,50,48;l:50,50,50,48;fw:700;a:inherit;\"\n\t\t\t\t\t\t\t\tdata-dim=\"h:115px,115px,115px,auto;\"\n\t\t\t\t\t\t\t\tdata-vbility=\"f,f,f,t\"\n\t\t\t\t\t\t\t\tdata-wrpcls=\"slider-mobile-text\"\n\t\t\t\t\t\t\t\tdata-frame_0=\"y:50px;\"\n\t\t\t\t\t\t\t\tdata-frame_1=\"st:600;sp:490;sR:600;\"\n\t\t\t\t\t\t\t\tdata-frame_999=\"o:0;st:w;sR:7910;\"\n\t\t\t\t\t\t\t\tstyle=\"z-index:9;font-family:'Open Sans';\"\n\t\t\t\t\t\t\t>MediSecuret even <br> in difficult<br>circumstances \n\t\t\t\t\t\t\t<\/rs-layer><!--\n-->\t\t\t\t\t<\/rs-slide>\n\t\t\t\t\t<\/rs-slides>\n\t\t\t\t<\/rs-module>\n\t\t\t\t<script>\n\t\t\t\t\tsetREVStartSize({c: 'rev_slider_55_1',rl:[1240,1024,778,480],el:[553,768,750,750],gw:[1240,1024,778,600],gh:[553,768,750,750],type:'standard',justify:'',layout:'fullwidth',mh:\"0\"});if (window.RS_MODULES!==undefined && window.RS_MODULES.modules!==undefined && window.RS_MODULES.modules[\"revslider551\"]!==undefined) {window.RS_MODULES.modules[\"revslider551\"].once = false;window.revapi55 = undefined;if (window.RS_MODULES.checkMinimal!==undefined) window.RS_MODULES.checkMinimal()}\n\t\t\t\t<\/script>\n\t\t\t<\/rs-module-wrap>\n\t\t\t<!-- END REVOLUTION SLIDER -->\n<\/div><\/div><\/div><\/div><\/div><\/section><section class=\"l-section wpb_row height_medium\"><div class=\"l-section-h i-cf\"><div class=\"g-cols vc_row via_flex valign_top type_default stacking_default\"><div class=\"vc_col-sm-3 wpb_column vc_column_container\"><div class=\"vc_column-inner\"><div class=\"wpb_wrapper\"><div class=\"w-image align_none\"><div class=\"w-image-h\"><img decoding=\"async\" width=\"1024\" height=\"546\" src=\"https:\/\/medilogisticsystems.com\/wp-content\/uploads\/sites\/3\/2023\/03\/Medisecuret-logo-1024x546.png\" class=\"attachment-large size-large\" alt=\"\" loading=\"lazy\" srcset=\"https:\/\/medilogisticsystems.com\/wp-content\/uploads\/sites\/3\/2023\/03\/Medisecuret-logo-1024x546.png 1024w, https:\/\/medilogisticsystems.com\/wp-content\/uploads\/sites\/3\/2023\/03\/Medisecuret-logo-300x160.png 300w\" sizes=\"auto, (max-width: 1024px) 100vw, 1024px\" \/><\/div><\/div><\/div><\/div><\/div><div class=\"vc_col-sm-9 wpb_column vc_column_container\"><div class=\"vc_column-inner\"><div class=\"wpb_wrapper\"><div class=\"wpb_text_column us_custom_d2199d32\"><div class=\"wpb_wrapper\"><h1>MediSecuret<\/h1>\n<\/div><\/div><\/div><\/div><\/div><\/div><\/div><\/section><section class=\"l-section wpb_row height_small\"><div class=\"l-section-h i-cf\"><div class=\"g-cols vc_row via_flex valign_top type_default stacking_default\"><div class=\"vc_col-sm-12 wpb_column vc_column_container\"><div class=\"vc_column-inner\"><div class=\"wpb_wrapper\"><div class=\"wpb_text_column\"><div class=\"wpb_wrapper\"><p>We offer our high-quality OHLRO MediSecuret in different sizes for different temperature requirements. The combination of Styrofoam box and vacuum panels enables long-term temperature retention at a wide range of outside temperatures, even in the most difficult climatic conditions.<\/p>\n<\/div><\/div><div class=\"w-separator size_medium\"><\/div><div class=\"w-separator size_medium\"><\/div><div class=\"wpb_text_column\"><div class=\"wpb_wrapper\"><h2 style=\"font-size: 24px;\">The MediSecuret packaging\u2019s<\/h2>\n<\/div><\/div><div class=\"w-separator size_medium\"><\/div><div class=\"g-cols wpb_row via_flex valign_top type_default stacking_default\"><div class=\"vc_col-sm-12 wpb_column vc_column_container\"><div class=\"vc_column-inner\"><div class=\"wpb_wrapper\"><div class=\"wpb_text_column\"><div class=\"wpb_wrapper\"><table class=\"postTable\">\n<thead>\n<tr class=\"oddRow\">\n<td width=\"208\"><strong>MediSecuret<\/strong><\/td>\n<td width=\"103\"><strong>Panel-Thickness<\/strong><\/td>\n<td width=\"161\"><strong>Outer Dimension<\/strong><\/td>\n<td width=\"168\"><strong>Inner Dimension<\/strong><\/td>\n<\/tr>\n<\/thead>\n<tbody>\n<tr class=\"\">\n<td class=\"oddCol\" data-label=\"Pharmabox\">\n<div id=\"m_excelWebRenderer_ewaCtl_headerDiv\">\n<div id=\"m_excelWebRenderer_ewaCtl_m_formulaBar\" class=\"ewa-fb-nb\">\n<div class=\"ewa-fb drop-down\">\n<div id=\"formulaBarTextDivId\" class=\"ewa-fb-text-box\" role=\"textbox\" aria-label=\"formula bar\">MediSecuret 10,0L<\/div>\n<\/div>\n<\/div>\n<\/div>\n<\/td>\n<td data-label=\"Paneel-Dicke\">25mm<\/td>\n<td class=\"oddCol\" data-label=\"Au\u00dfenma\u00df\">\n<div id=\"m_excelWebRenderer_ewaCtl_headerDiv\">\n<div id=\"m_excelWebRenderer_ewaCtl_m_formulaBar\" class=\"ewa-fb-nb\">\n<div class=\"ewa-fb drop-down\">\n<div id=\"formulaBarTextDivId\" class=\"ewa-fb-text-box\" role=\"textbox\" aria-label=\"formula bar\">440x340x260mm<\/div>\n<\/div>\n<\/div>\n<\/div>\n<\/td>\n<td data-label=\"Innenma\u00df\">\n<div id=\"m_excelWebRenderer_ewaCtl_headerDiv\">\n<div id=\"m_excelWebRenderer_ewaCtl_m_formulaBar\" class=\"ewa-fb-nb\">\n<div class=\"ewa-fb drop-down\">320x225x138mm<\/div>\n<\/div>\n<\/div>\n<\/td>\n<\/tr>\n<tr class=\"\">\n<td class=\"oddCol\" data-label=\"Pharmabox\">\n<div id=\"m_excelWebRenderer_ewaCtl_headerDiv\">\n<div id=\"m_excelWebRenderer_ewaCtl_m_formulaBar\" class=\"ewa-fb-nb\">\n<div class=\"ewa-fb drop-down\">\n<div id=\"formulaBarTextDivId\" class=\"ewa-fb-text-box\" role=\"textbox\" aria-label=\"formula bar\">MediSecuret 20,0L<\/div>\n<\/div>\n<\/div>\n<\/div>\n<\/td>\n<td data-label=\"Paneel-Dicke\">40mm<\/td>\n<td class=\"oddCol\" data-label=\"Au\u00dfenma\u00df\">480x480x380mm<\/td>\n<td data-label=\"Innenma\u00df\">\n<div id=\"m_excelWebRenderer_ewaCtl_headerDiv\">\n<div id=\"m_excelWebRenderer_ewaCtl_m_formulaBar\" class=\"ewa-fb-nb\">\n<div class=\"ewa-fb drop-down\">\n<div id=\"formulaBarTextDivId\" class=\"ewa-fb-text-box\" role=\"textbox\" aria-label=\"formula bar\">310x310x210mm<\/div>\n<\/div>\n<\/div>\n<\/div>\n<\/td>\n<\/tr>\n<tr class=\"\">\n<td class=\"oddCol\" data-label=\"Pharmabox\">\n<div id=\"m_excelWebRenderer_ewaCtl_headerDiv\">\n<div id=\"m_excelWebRenderer_ewaCtl_m_formulaBar\" class=\"ewa-fb-nb\">\n<div class=\"ewa-fb drop-down\">\n<div id=\"formulaBarTextDivId\" class=\"ewa-fb-text-box\" role=\"textbox\" aria-label=\"formula bar\">MediSecuret 27,0L<\/div>\n<\/div>\n<\/div>\n<\/div>\n<\/td>\n<td data-label=\"Paneel-Dicke\">40mm<\/td>\n<td class=\"oddCol\" data-label=\"Au\u00dfenma\u00df\">570x450x410mm<\/td>\n<td data-label=\"Innenma\u00df\">\n<div id=\"m_excelWebRenderer_ewaCtl_headerDiv\">\n<div id=\"m_excelWebRenderer_ewaCtl_m_formulaBar\" class=\"ewa-fb-nb\">\n<div class=\"ewa-fb drop-down\">\n<div id=\"formulaBarTextDivId\" class=\"ewa-fb-text-box\" role=\"textbox\" aria-label=\"formula bar\">400x285x240mm<\/div>\n<\/div>\n<\/div>\n<\/div>\n<\/td>\n<\/tr>\n<tr>\n<td class=\"oddCol\" data-label=\"Pharmabox\">\n<div id=\"m_excelWebRenderer_ewaCtl_headerDiv\">\n<div id=\"m_excelWebRenderer_ewaCtl_m_formulaBar\" class=\"ewa-fb-nb\">\n<div class=\"ewa-fb drop-down\">\n<div id=\"formulaBarTextDivId\" class=\"ewa-fb-text-box\" role=\"textbox\" aria-label=\"formula bar\">MediSecuret 33,0L<\/div>\n<\/div>\n<\/div>\n<\/div>\n<\/td>\n<td data-label=\"Paneel-Dicke\">40mm<\/td>\n<td class=\"oddCol\" data-label=\"Au\u00dfenma\u00df\">790x590x360mm<\/td>\n<td data-label=\"Innenma\u00df\">\n<div id=\"m_excelWebRenderer_ewaCtl_headerDiv\">\n<div id=\"m_excelWebRenderer_ewaCtl_m_formulaBar\" class=\"ewa-fb-nb\">\n<div class=\"ewa-fb drop-down\">\n<div id=\"formulaBarTextDivId\" class=\"ewa-fb-text-box\" role=\"textbox\" aria-label=\"formula bar\">580x380x150mm<\/div>\n<\/div>\n<\/div>\n<\/div>\n<\/td>\n<\/tr>\n<\/tbody>\n<\/table>\n<\/div><\/div><div class=\"w-separator size_small\"><\/div><div class=\"wpb_text_column\"><div class=\"wpb_wrapper\"><div id=\"m_excelWebRenderer_ewaCtl_headerDiv\">\n<div id=\"m_excelWebRenderer_ewaCtl_m_formulaBar\" class=\"ewa-fb-nb\">\n<div class=\"ewa-fb drop-down\">\n<div id=\"formulaBarTextDivId\" class=\"ewa-fb-text-box\" role=\"textbox\" aria-label=\"formula bar\">All MediSecurets packaging\u2019s are available with an outer cardboard. The outer dimensions from the MediSecuret is calculated without the optional available cardboards.<\/div>\n<\/div>\n<\/div>\n<\/div>\n<\/div><\/div><\/div><\/div><\/div><\/div><\/div><\/div><\/div><\/div><\/div><\/section><section class=\"l-section wpb_row height_auto width_full\"><div class=\"l-section-h i-cf\"><div class=\"g-cols vc_row via_flex valign_top type_default stacking_default\"><div class=\"vc_col-sm-12 wpb_column vc_column_container\"><div class=\"vc_column-inner\"><div class=\"wpb_wrapper\"><section class=\"l-section wpb_row height_medium color_primary\"><div class=\"l-section-h i-cf\"><div class=\"g-cols vc_row via_flex valign_top type_default stacking_default\"><div class=\"vc_col-sm-12 wpb_column vc_column_container has_bg_color\"><div class=\"vc_column-inner us_custom_01835446\"><div class=\"wpb_wrapper\"><div class=\"w-actionbox us_custom_4a9affda has_text_color color_light controls_right\"><div class=\"w-actionbox-text\"><h2 class=\"w-actionbox-title\">Product information download (PDF)<\/h2><div class=\"w-actionbox-description\"><p><span class=\"ui-provider azo azp azq azr azs azt azu azv azw azx azy azz baa bab bac bae baf bag bah bai baj bak bal bam ban bao bap baq bar bas bat bau bav baw bax\" dir=\"ltr\">Transport temperature-sensitive products safely<br \/>\nSafe packaging systems for every need<\/span><\/p>\n<\/div><\/div><div class=\"w-actionbox-controls\"><a class=\"w-btn us-btn-style_1\" target=\"_blank\" rel=\"nofollow\" href=\"\/wp-content\/uploads\/sites\/3\/2023\/09\/Pharma-Prospect-English-OHLRO.pdf\"><span class=\"w-btn-label\">View<\/span><\/a><\/div><\/div><\/div><\/div><\/div><\/div><\/div><\/section>\n<\/div><\/div><\/div><\/div><\/div><\/section><section class=\"l-section wpb_row height_auto width_full\"><div class=\"l-section-h i-cf\"><div class=\"g-cols vc_row via_flex valign_top type_default stacking_default\"><div class=\"vc_col-sm-12 wpb_column vc_column_container\"><div class=\"vc_column-inner\"><div class=\"wpb_wrapper\"><section class=\"l-section wpb_row height_medium color_primary\"><div class=\"l-section-h i-cf\"><div class=\"g-cols vc_row via_flex valign_top type_default stacking_default\"><div class=\"vc_col-sm-12 wpb_column vc_column_container has_bg_color\"><div class=\"vc_column-inner us_custom_01835446\"><div class=\"wpb_wrapper\"><div class=\"g-cols wpb_row via_flex valign_top type_default stacking_default\"><div class=\"vc_col-sm-12 wpb_column vc_column_container\"><div class=\"vc_column-inner\"><div class=\"wpb_wrapper\"><div class=\"w-video align_none ratio_16x9 with_overlay\" style=\"background-image:url(https:\/\/medilogisticsystems.com\/wp-content\/uploads\/sites\/3\/2023\/05\/ohlro-Medilogisticsystems-Produkt-Video-Vorschau.png);\" onclick=\"return {&quot;player_html&quot;:&quot;&lt;video  preload=\\&quot;none\\&quot; playsinline controls&gt;&lt;source type=\\&quot;video\\\/mp4\\&quot; src=\\&quot;\\\/wp-content\\\/uploads\\\/sites\\\/3\\\/2023\\\/05\\\/Ohlro-Medilogisticsystems-Produkt-Video.mp4\\&quot; \\\/&gt;&lt;\\\/video&gt;&quot;}\"><button class=\"w-video-play\" type=\"button\" aria-label=\"Play\"><span class=\"w-video-play-icon\" style=\"font-size:1.5rem;background:rgba(0,0,0,0.5);color:#ffffff\"><\/span><\/button><div class=\"w-video-h\"><video  preload=\"none\" playsinline controls><source type=\"video\/mp4\" src=\"\/wp-content\/uploads\/sites\/3\/2023\/05\/Ohlro-Medilogisticsystems-Produkt-Video.mp4\" \/><\/video><\/div><\/div><\/div><\/div><\/div><\/div><\/div><\/div><\/div><\/div><\/div><\/section>\n<\/div><\/div><\/div><\/div><\/div><\/section><section class=\"l-section wpb_row height_medium\"><div class=\"l-section-h i-cf\"><div class=\"g-cols vc_row via_flex valign_top type_default stacking_default\"><div class=\"vc_col-sm-12 wpb_column vc_column_container\"><div class=\"vc_column-inner\"><div class=\"wpb_wrapper\"><div class=\"w-separator size_medium\"><\/div><div class=\"wpb_text_column\"><div class=\"wpb_wrapper\"><h2 style=\"text-align: center;\">CONTACT FORM<\/h2>\n<\/div><\/div><div class=\"w-separator size_small\"><\/div>\n<div class=\"wpcf7 no-js\" id=\"wpcf7-f8025-o1\" lang=\"de-DE\" dir=\"ltr\" data-wpcf7-id=\"8025\">\n<div class=\"screen-reader-response\"><p role=\"status\" aria-live=\"polite\" aria-atomic=\"true\"><\/p> <ul><\/ul><\/div>\n<form action=\"\/en\/wp-json\/wp\/v2\/pages\/8881#wpcf7-f8025-o1\" method=\"post\" class=\"wpcf7-form init\" aria-label=\"Kontaktformular\" novalidate=\"novalidate\" data-status=\"init\">\n<fieldset class=\"hidden-fields-container\"><input type=\"hidden\" name=\"_wpcf7\" value=\"8025\" \/><input type=\"hidden\" name=\"_wpcf7_version\" value=\"6.1.5\" \/><input type=\"hidden\" name=\"_wpcf7_locale\" value=\"de_DE\" \/><input type=\"hidden\" name=\"_wpcf7_unit_tag\" value=\"wpcf7-f8025-o1\" \/><input type=\"hidden\" name=\"_wpcf7_container_post\" value=\"0\" \/><input type=\"hidden\" name=\"_wpcf7_posted_data_hash\" value=\"\" \/>\n<\/fieldset>\n<div style=\"display: flex; flex-direction: column; justify-content: space-between;\">\n\t<div class=\"wps-form\">\n\t\t<div class=\"left-column\">\n\t\t\t<p><span class=\"wpcf7-form-control-wrap\" data-name=\"feld364\"><input size=\"40\" maxlength=\"400\" class=\"wpcf7-form-control wpcf7-text\" aria-invalid=\"false\" placeholder=\"company\" value=\"\" type=\"text\" name=\"feld364\" \/><\/span><br \/>\n<span class=\"wpcf7-form-control-wrap\" data-name=\"feld365\"><input size=\"40\" maxlength=\"400\" class=\"wpcf7-form-control wpcf7-text wpcf7-validates-as-required\" aria-required=\"true\" aria-invalid=\"false\" placeholder=\"contact person\" value=\"\" type=\"text\" name=\"feld365\" \/><\/span><br \/>\n<span class=\"wpcf7-form-control-wrap\" data-name=\"feld366\"><input size=\"40\" maxlength=\"400\" class=\"wpcf7-form-control wpcf7-text\" aria-invalid=\"false\" placeholder=\"address\" value=\"\" type=\"text\" name=\"feld366\" \/><\/span><br \/>\n<span class=\"wpcf7-form-control-wrap\" data-name=\"feld367\"><input size=\"40\" maxlength=\"400\" class=\"wpcf7-form-control wpcf7-email wpcf7-validates-as-required wpcf7-text wpcf7-validates-as-email\" aria-required=\"true\" aria-invalid=\"false\" placeholder=\"e-mail\" value=\"\" type=\"email\" name=\"feld367\" \/><\/span>\n\t\t\t<\/p>\n\t\t<\/div>\n\t\t<div class=\"right-column\">\n\t\t\t<p><span class=\"wpcf7-form-control-wrap\" data-name=\"feld368\"><input size=\"40\" maxlength=\"400\" class=\"wpcf7-form-control wpcf7-tel wpcf7-text wpcf7-validates-as-tel\" aria-invalid=\"false\" placeholder=\"telephone number\" value=\"\" type=\"tel\" name=\"feld368\" \/><\/span><br \/>\n<span class=\"wpcf7-form-control-wrap\" data-name=\"feld369\"><textarea cols=\"40\" rows=\"10\" maxlength=\"2000\" class=\"wpcf7-form-control wpcf7-textarea\" aria-invalid=\"false\" placeholder=\"message\" name=\"feld369\"><\/textarea><\/span><br \/>\n<span id=\"wpcf7-69fa0ddecf467-wrapper\" class=\"wpcf7-form-control-wrap url-wrap\" ><label for=\"wpcf7-69fa0ddecf467-field\" class=\"hp-message\">Bitte lasse dieses Feld leer.<\/label><input id=\"wpcf7-69fa0ddecf467-field\"  class=\"wpcf7-form-control wpcf7-text\" type=\"text\" name=\"url\" value=\"\" size=\"40\" tabindex=\"-1\" autocomplete=\"new-password\" \/><\/span>\n\t\t\t<\/p>\n\t\t<\/div>\n\t<\/div>\n\t<div style=\"padding-top:28px;\">\n\t\t<p><span class=\"wpcf7-form-control-wrap\" data-name=\"acceptance-658\"><span class=\"wpcf7-form-control wpcf7-acceptance\"><span class=\"wpcf7-list-item\"><label><input type=\"checkbox\" name=\"acceptance-658\" value=\"1\" id=\"datenschutz\" aria-invalid=\"false\" \/><span class=\"wpcf7-list-item-label\">I have taken note of the <b><a href=\"\/datenschutz\">Privacy Notice<\/a><\/b>. I agree that the information and data I provide for the purpose of processing my enquiry will be collected and stored electronically. Please note: you can revoke your consent for the future at any time by sending an e-mail to info @ medilogisticsystems.com.<\/span><\/label><\/span><\/span><\/span>\n\t\t<\/p>\n\t<\/div>\n\t<div>\n\t\t<p><span id=\"ai1ic-9ud9p\" data-toggle=\"\" class=\"cf7ic-loader\">Loading...<\/span><br \/>\n<input class=\"wpcf7-form-control wpcf7-submit has-spinner\" type=\"submit\" value=\"Send\" \/>\n\t\t<\/p>\n\t<\/div>\n<\/div><div class=\"wpcf7-response-output\" aria-hidden=\"true\"><\/div>\n<\/form>\n<\/div>\n<div class=\"w-separator size_medium\"><\/div><\/div><\/div><\/div><\/div><\/div><\/section>\n","protected":false},"excerpt":{"rendered":"{:de} Flexible Gr\u00f6\u00dfen \u2013 perfekte Isolierung MediSecuret auch f\u00fcr schwierige Verh\u00e4ltnisse MediSecuret auch f\u00fcr schwierige Verh\u00e4ltnisse MediSecuret Unsere hochwertigen OHLRO MediSecuret bieten wir in verschiedenen Gr\u00f6\u00dfen f\u00fcr unterschiedlichen Temperatur-Anforderungen an. Die Kombination aus Styroporbox und Vakuumpaneelen erm\u00f6glicht einen langen Temperaturerhalt bei unterschiedlichsten Au\u00dfentemperaturen und dies selbst bei klimatisch schwierigsten Verh\u00e4ltnissen. Unsere MediSecuret MediSecuret Paneel-Dicke Au\u00dfenma\u00df...","protected":false},"author":1,"featured_media":0,"parent":0,"menu_order":0,"comment_status":"closed","ping_status":"closed","template":"","meta":{"footnotes":""},"class_list":["post-8881","page","type-page","status-publish","hentry"],"translation":{"provider":"WPGlobus","version":"3.0.2","language":"en","enabled_languages":["de","en"],"languages":{"de":{"title":true,"content":true,"excerpt":false},"en":{"title":true,"content":true,"excerpt":false}}},"_links":{"self":[{"href":"https:\/\/medilogisticsystems.com\/en\/wp-json\/wp\/v2\/pages\/8881","targetHints":{"allow":["GET"]}}],"collection":[{"href":"https:\/\/medilogisticsystems.com\/en\/wp-json\/wp\/v2\/pages"}],"about":[{"href":"https:\/\/medilogisticsystems.com\/en\/wp-json\/wp\/v2\/types\/page"}],"author":[{"embeddable":true,"href":"https:\/\/medilogisticsystems.com\/en\/wp-json\/wp\/v2\/users\/1"}],"replies":[{"embeddable":true,"href":"https:\/\/medilogisticsystems.com\/en\/wp-json\/wp\/v2\/comments?post=8881"}],"version-history":[{"count":57,"href":"https:\/\/medilogisticsystems.com\/en\/wp-json\/wp\/v2\/pages\/8881\/revisions"}],"predecessor-version":[{"id":9486,"href":"https:\/\/medilogisticsystems.com\/en\/wp-json\/wp\/v2\/pages\/8881\/revisions\/9486"}],"wp:attachment":[{"href":"https:\/\/medilogisticsystems.com\/en\/wp-json\/wp\/v2\/media?parent=8881"}],"curies":[{"name":"wp","href":"https:\/\/api.w.org\/{rel}","templated":true}]}}