{"id":9539,"date":"2025-08-13T10:42:32","date_gmt":"2025-08-13T08:42:32","guid":{"rendered":"https:\/\/medilogisticsystems.com\/?page_id=9539"},"modified":"2025-09-04T10:38:59","modified_gmt":"2025-09-04T08:38:59","slug":"digitale-barrierefreiheit","status":"publish","type":"page","link":"https:\/\/medilogisticsystems.com\/en\/digitale-barrierefreiheit\/","title":{"rendered":"Digitale Barrierefreiheit"},"content":{"rendered":"<section class=\"l-section wpb_row us_custom_4edece6e stick-to-top height_medium width_full\"><div class=\"l-section-h i-cf\"><div class=\"g-cols vc_row via_flex valign_top type_default stacking_default\"><div class=\"vc_col-sm-12 wpb_column vc_column_container\"><div class=\"vc_column-inner\"><div class=\"wpb_wrapper\"><div class=\"w-image align_none\"><div class=\"w-image-h\"><img decoding=\"async\" width=\"1920\" height=\"300\" src=\"https:\/\/medilogisticsystems.com\/wp-content\/uploads\/sites\/3\/2019\/09\/Ohlro-Head-small.png\" class=\"attachment-full size-full\" alt=\"\" loading=\"lazy\" srcset=\"https:\/\/medilogisticsystems.com\/wp-content\/uploads\/sites\/3\/2019\/09\/Ohlro-Head-small.png 1920w, https:\/\/medilogisticsystems.com\/wp-content\/uploads\/sites\/3\/2019\/09\/Ohlro-Head-small-300x47.png 300w, https:\/\/medilogisticsystems.com\/wp-content\/uploads\/sites\/3\/2019\/09\/Ohlro-Head-small-1024x160.png 1024w\" sizes=\"auto, (max-width: 1920px) 100vw, 1920px\" \/><\/div><\/div><\/div><\/div><\/div><\/div><\/div><\/section><section class=\"l-section wpb_row height_medium\"><div class=\"l-section-h i-cf\"><div class=\"g-cols vc_row via_flex valign_top type_default stacking_default\"><div class=\"vc_col-sm-12 wpb_column vc_column_container\"><div class=\"vc_column-inner\"><div class=\"wpb_wrapper\"><div class=\"wpb_text_column\"><div class=\"wpb_wrapper\"><h1>Erkl\u00e4rung zur Barrierefreiheit f\u00fcr Dienstleistungen<\/h1>\n<p>Im Rahmen unserer Barrierefreiheitserkl\u00e4rung m\u00f6chten wir Ihnen einen \u00dcberblick \u00fcber den Stand der Vereinbarkeit der unten beschriebenen Dienstleistung(en) mit den Anforderungen der Barrierefreiheit nach gesetzlichen Vorschriften (insbesondere mit dem Barrierefreiheitsst\u00e4rkungsgesetz \u2013 BFSG) geben.<\/p>\n<h2 data-base-font-size=\"25.128\" data-base-line-height=\"30.153601px\">\u00c4nderung Schriftgr\u00f6\u00dfen, Zeilenabstand, Kontrast<\/h2>\n<h3 data-base-font-size=\"25.128\" data-base-line-height=\"30.153601px\">Gro\u00dfe Schrift<\/h3>\n<p data-base-font-size=\"18\" data-base-line-height=\"28px\"><span data-base-font-size=\"18\" data-base-line-height=\"28px\">Die Vergr\u00f6\u00dferung der Seitendarstellung mit den g\u00e4ngigen Browsern (zum Beispiel Firefox, Google Chrome, Microsoft Edge, Opera und Apple Safari) erfolgt bei Windows mit \u201eSTRG\u201c und \u201e+\u201c und bei Apple mit \u201ecmd\u201c und \u201e+\u201c sowie \u00fcber das entsprechende Symbol auf der Website.<\/span><\/p>\n<h3 data-base-font-size=\"25.128\" data-base-line-height=\"30.153601px\">Kleine Schrift<\/h3>\n<p data-base-font-size=\"18\" data-base-line-height=\"28px\"><span data-base-font-size=\"18\" data-base-line-height=\"28px\">Die Verkleinerung der Seitendarstellung mit den g\u00e4ngigen Browsern (zum Beispiel Firefox, Google Chrome, Microsoft Edge, Opera und Apple Safari) erfolgt bei Windows mit \u201eSTRG\u201c und \u201e-\u201c und bei Apple mit \u201ecmd\u201c und \u201e-\u201c.<\/span><\/p>\n<h3 data-base-font-size=\"25.128\" data-base-line-height=\"30.153601px\"><span data-base-font-size=\"25.128\" data-base-line-height=\"30.153601px\">Zur\u00fccksetzen der Schriftgr\u00f6\u00dfe <\/span><\/h3>\n<p data-base-font-size=\"18\" data-base-line-height=\"28px\"><span data-base-font-size=\"18\" data-base-line-height=\"28px\">Zur\u00fccksetzen der Schriftgr\u00f6\u00dfe auf 100% mittels \u201eSTRG\u201c und \u201e0\u201c und bei Apple mit \u201ecmd\u201c und \u201e0\u201c.<\/span><\/p>\n<p data-base-font-size=\"18\" data-base-line-height=\"28px\"><span data-base-font-size=\"18\" data-base-line-height=\"28px\">Responsive Umsetzung der Bildschirminhalte. Die Inhalte des Fensters passen sich der Bildschirmgr\u00f6\u00dfe des Ger\u00e4ts automatisch an.<br \/>\n<\/span><\/p>\n<h3 data-base-font-size=\"18\" data-base-line-height=\"28px\"><span data-base-font-size=\"18\" data-base-line-height=\"28px\">Accessibility Tool<\/span><\/h3>\n<p data-base-font-size=\"18\" data-base-line-height=\"28px\"><span data-base-font-size=\"18\" data-base-line-height=\"28px\">\u00dcber das bereitgestellte Accessibility-Tool k\u00f6nnen Nutzer:innen eigenst\u00e4ndig Einstellungen zur Schriftgr\u00f6\u00dfe, zum Zeilenabstand und zum Kontrast vornehmen. Zus\u00e4tzlich stellt das Tool eine Lesemaske zur besseren Lesef\u00fchrung zur Verf\u00fcgung.<br \/>\n<\/span><\/p>\n<h2>Angaben zum Dienstleistungserbringer<\/h2>\n<p>OHLRO Hartschaum GmbH<br \/>\nAm Biotop 4<br \/>\n15344 Strausberg<br \/>\nBrandenburg<\/p>\n<h2>Allgemeine Beschreibung der Dienstleistung<\/h2>\n<p>Medilogisticsystems (Angebot der OHLRO Hartschaum GmbH) bietet spezialisierte Verpackungssysteme f\u00fcr den versand temperaturkontrollierter Medikamente und Pharmaprodukte an. Die L\u00f6sungen gew\u00e4hrleisten die Einhaltung der K\u00fchlkette \u2013 ausgerichtet auf klinische Studien, dringende oder lebensrettende Eins\u00e4tze sowie extreme Transportbedingungen<\/p>\n<p><strong>Zum Produktportfolio geh\u00f6ren<\/strong>:<\/p>\n<ul>\n<li>Medibag \u2013 flexible Transportl\u00f6sung f\u00fcr temperaturempfindliche Medikamente, ideal f\u00fcr Reisen<\/li>\n<li>MediSecuret \u2013 wiederverwendbare Isolierboxen in verschiedenen Gr\u00f6\u00dfen f\u00fcr unterschiedliche Temperaturanforderungen<\/li>\n<li>MediSafe Boxen \u2013 hochwertige Styroporboxen mit Vakuumpaneelen, optional mit PCM-K\u00fchlakkus, f\u00fcr zuverl\u00e4ssige Temperaturstabilit\u00e4t<\/li>\n<li>Pharma-K\u00fchlakkus (PCM) \u2013 spezialisierte K\u00fchlelemente zur K\u00fchlung unterschiedlicher Boxen<\/li>\n<li>Temperatur-Logger \u2013 zugelassene Ger\u00e4te (z.\u202fB. durch das Luftfahrt-Bundesamt), zur \u00dcberwachung von Temperatur, Position und Luftdruck w\u00e4hrend des Transports<\/li>\n<li>O\u2011BOX H250 \u2013 hochisolierende K\u00e4ltebox, die \u00fcber 250 Stunden die Temperaturbereiche +2\u202f\u00b0C bis +8\u202f\u00b0C konstant h\u00e4lt<\/li>\n<\/ul>\n<p>Dar\u00fcber hinaus bietet Medilogisticsystems eine Standard-Temperaturmessung sowie qualifizierte Verpackungstests gem\u00e4\u00df ISTA\u20117D in einer firmeneigenen Klimakammer in Strausberg an.<\/p>\n<h2>Erl\u00e4uterungen zur Durchf\u00fchrung der Dienstleistung<\/h2>\n<p>Die Bereitstellung der Verpackungsl\u00f6sungen erfolgt auf Anfrage \u00fcber die Website oder im direkten Kontakt mit dem Unternehmen. Nach Auswahl oder individueller Abstimmung der passenden Transportl\u00f6sung werden die Produkte produziert, gepr\u00fcft und f\u00fcr den Versand vorbereitet. Die Lieferung erfolgt \u00fcber spezialisierte Logistikpartner unter Ber\u00fccksichtigung der jeweiligen K\u00fchlanforderungen.<\/p>\n<p>Zus\u00e4tzlich bietet das Unternehmen qualifizierte Temperaturmessungen sowie Klimakammer-Tests an, um die Eignung der Verpackung f\u00fcr den jeweiligen Einsatzzweck sicherzustellen.<\/p>\n<h2>Stand der Vereinbarkeit mit den Anforderungen<\/h2>\n<p>Die oben genannte Dienstleistung ist teilweise mit dem Barrierefreiheitsst\u00e4rkungsgesetz (BFSG) vereinbar.<\/p>\n<p data-base-font-size=\"18\" data-base-line-height=\"28px\">Folgende Teile\/Inhalte\/Funktionen der Dienstleistung sind nicht barrierefrei:<\/p>\n<h3 data-base-font-size=\"25.128\" data-base-line-height=\"30.153601px\"><span data-base-font-size=\"25.128\" data-base-line-height=\"30.153601px\">1. Stand der Vereinbarkeit mit den Anforderungen<\/span><\/h3>\n<p data-start=\"290\" data-end=\"442\" data-base-font-size=\"18\" data-base-line-height=\"28px\">Diese Website ist <strong data-start=\"308\" data-end=\"431\">teilweise mit den Anforderungen der EN 301 549 (Web Content Accessibility Guidelines \u2013 WCAG 2.1 \u2013 Konformit\u00e4tsstufe AA)<\/strong> vereinbar.<\/p>\n<p data-start=\"444\" data-end=\"713\" data-base-font-size=\"18\" data-base-line-height=\"28px\">Die Pr\u00fcfung der Barrierefreiheit erfolgte durch eine <strong data-start=\"497\" data-end=\"516\">Selbstbewertung<\/strong> auf Basis der WCAG-Kriterien. Einige Bereiche der Website entsprechen bereits den Anforderungen, in anderen Bereichen bestehen derzeit noch <strong data-start=\"657\" data-end=\"682\">vereinzelte Barrieren<\/strong>, die wir schrittweise beheben.<\/p>\n<h3 data-base-font-size=\"25.128\" data-base-line-height=\"30.153601px\">2. Nicht barrierefreie Inhalte<\/h3>\n<p data-start=\"756\" data-end=\"861\" data-base-font-size=\"18\" data-base-line-height=\"28px\">Die nachstehend aufgef\u00fchrten Inhalte und Funktionen sind derzeit <strong data-start=\"821\" data-end=\"860\">noch nicht vollst\u00e4ndig barrierefrei<\/strong>:<\/p>\n<ul data-start=\"863\" data-end=\"1439\">\n<li data-start=\"1013\" data-end=\"1117\" data-base-font-size=\"18\" data-base-line-height=\"28px\">\n<p data-start=\"1015\" data-end=\"1117\" data-base-font-size=\"18\" data-base-line-height=\"28px\"><strong data-start=\"1015\" data-end=\"1038\">Bilder und Grafiken<\/strong>: Nicht alle Bilder auf der Website verf\u00fcgen \u00fcber ausreichende Alternativtexte.<\/p>\n<\/li>\n<li data-start=\"1013\" data-end=\"1117\" data-base-font-size=\"18\" data-base-line-height=\"28px\"><span>Die Tastaturnavigation auf dieser Website ist derzeit noch nicht vollst\u00e4ndig barrierefrei umgesetzt. Wir arbeiten an einer Verbesserung und bitten um Ihr Verst\u00e4ndnis.<br \/>\n<\/span><\/li>\n<li data-start=\"1119\" data-end=\"1290\" data-base-font-size=\"18\" data-base-line-height=\"28px\">\n<p data-start=\"1121\" data-end=\"1290\" data-base-font-size=\"18\" data-base-line-height=\"28px\"><strong data-start=\"1121\" data-end=\"1157\">Farbkontraste und Bedienelemente<\/strong>: Einzelne Bereiche der Website weisen noch <strong data-start=\"1201\" data-end=\"1230\">ungen\u00fcgende Farbkontraste<\/strong>oder <strong data-start=\"1236\" data-end=\"1285\">nicht vollst\u00e4ndig tastaturbedienbare Elemente<\/strong> auf.<\/p>\n<\/li>\n<li data-start=\"1292\" data-end=\"1439\" data-base-font-size=\"18\" data-base-line-height=\"28px\">\n<p data-start=\"1294\" data-end=\"1439\" data-base-font-size=\"18\" data-base-line-height=\"28px\"><strong data-start=\"1294\" data-end=\"1316\">Formularfunktionen<\/strong>: Bestimmte Online-Formulare erf\u00fcllen derzeit noch nicht in allen Punkten die Anforderungen an barrierefreie Bedienbarkeit.<\/p>\n<\/li>\n<\/ul>\n<p data-start=\"1441\" data-end=\"1528\" data-base-font-size=\"18\" data-base-line-height=\"28px\">Wir arbeiten kontinuierlich daran, diese Barrieren zu identifizieren und zu beseitigen.<\/p>\n<h3>Barrierefreie Alternativen<\/h3>\n<p>Wenn Sie bestimmte Informationen auf der Website nicht barrierefrei finden, stellen wir diese auf Wunsch in alternativen Formaten zur Verf\u00fcgung (z.\u202fB. als barrierefreies PDF oder in leichter Sprache). Bitte wenden Sie sich daf\u00fcr direkt an uns.<\/p>\n<h3>Nicht barrierefreie Teile der Dienstleistung &#8211; Umsetzungsfristen<\/h3>\n<p>Wir sind darum bem\u00fcht, fehlende Alternativtexte bei Bildern bis Ende 2025 zu erg\u00e4nzen. Eine genaue Angabe k\u00f6nnen wir momentan nicht machen.<\/p>\n<h2>Erstellung der Barrierefreiheitserkl\u00e4rung<\/h2>\n<p>Datum der Erstellung der Barrierefreiheitserkl\u00e4rung: 06.08.2025<br \/>\nDatum der letzten \u00dcberpr\u00fcfung der o. g. Leistungen hinsichtlich der Anforderungen zur Barrierefreiheit: 06.08.2025<\/p>\n<h2>Einsch\u00e4tzung zum Stand der Barrierefreiheit<\/h2>\n<p>Die Einsch\u00e4tzung zum Stand der Barrierefreiheit beruht auf unserer Selbsteinsch\u00e4tzung.<\/p>\n<h2>Feedbackm\u00f6glichkeit und Kontaktangaben<\/h2>\n<p>Adresse:<br \/>\nOHLRO Hartschaum GmbH<br \/>\nAm Biotop 4<br \/>\n15344 Strausberg<\/p>\n<p>E-Mail: info@ohlro.de<br \/>\nTelefon: +49 30 577 99 69 0<br \/>\nLink zur Website: <a href=\"https:\/\/medilogisticsystems.com\">https:\/\/medilogisticsystems.com<\/a><\/p>\n<h2>Zust\u00e4ndige Markt\u00fcberwachungsbeh\u00f6rde<\/h2>\n<p>Markt\u00fcberwachungsstelle der L\u00e4nder f\u00fcr die Barrierefreiheit von Produkten und Dienstleistungen (MLBF)<\/p>\n<p>Telefon: + 49 (0) 391 567 6970<br \/>\nE-Mail: mlbf@ms.sachsen-anhalt.de<\/p>\n<p>Informationen zur aktuellen Adresse des MLBF finden Sie hier: <a href=\"https:\/\/ms.sachsen-anhalt.de\/themen\/menschen-mit-behinderungen\/aktuelles\/marktueberwachungsstelle-der-laender-fuer-die-barrierefreiheit-von-produkten-und-dienstleistungen\" target=\"_blank\" rel=\"noopener noreferrer\">https:\/\/ms.sachsen-anhalt.de\/themen\/menschen-mit-behinderungen\/aktuelles\/marktueberwachungsstelle-der-laender-fuer-die-barrierefreiheit-von-produkten-und-dienstleistungen<\/a>.<\/p>\n<\/div><\/div><div class=\"w-separator size_huge\"><\/div><\/div><\/div><\/div><\/div><\/div><\/section>\n","protected":false},"excerpt":{"rendered":"{:de}Erkl\u00e4rung zur Barrierefreiheit f\u00fcr Dienstleistungen Im Rahmen unserer Barrierefreiheitserkl\u00e4rung m\u00f6chten wir Ihnen einen \u00dcberblick \u00fcber den Stand der Vereinbarkeit der unten beschriebenen Dienstleistung(en) mit den Anforderungen der Barrierefreiheit nach gesetzlichen Vorschriften (insbesondere mit dem Barrierefreiheitsst\u00e4rkungsgesetz \u2013 BFSG) geben. \u00c4nderung Schriftgr\u00f6\u00dfen, Zeilenabstand, Kontrast Gro\u00dfe Schrift Die Vergr\u00f6\u00dferung der Seitendarstellung mit den g\u00e4ngigen Browsern (zum Beispiel Firefox,...","protected":false},"author":1,"featured_media":0,"parent":0,"menu_order":0,"comment_status":"closed","ping_status":"closed","template":"","meta":{"footnotes":""},"class_list":["post-9539","page","type-page","status-publish","hentry"],"translation":{"provider":"WPGlobus","version":"3.0.2","language":"en","enabled_languages":["de","en"],"languages":{"de":{"title":true,"content":true,"excerpt":false},"en":{"title":false,"content":true,"excerpt":false}}},"_links":{"self":[{"href":"https:\/\/medilogisticsystems.com\/en\/wp-json\/wp\/v2\/pages\/9539","targetHints":{"allow":["GET"]}}],"collection":[{"href":"https:\/\/medilogisticsystems.com\/en\/wp-json\/wp\/v2\/pages"}],"about":[{"href":"https:\/\/medilogisticsystems.com\/en\/wp-json\/wp\/v2\/types\/page"}],"author":[{"embeddable":true,"href":"https:\/\/medilogisticsystems.com\/en\/wp-json\/wp\/v2\/users\/1"}],"replies":[{"embeddable":true,"href":"https:\/\/medilogisticsystems.com\/en\/wp-json\/wp\/v2\/comments?post=9539"}],"version-history":[{"count":7,"href":"https:\/\/medilogisticsystems.com\/en\/wp-json\/wp\/v2\/pages\/9539\/revisions"}],"predecessor-version":[{"id":9580,"href":"https:\/\/medilogisticsystems.com\/en\/wp-json\/wp\/v2\/pages\/9539\/revisions\/9580"}],"wp:attachment":[{"href":"https:\/\/medilogisticsystems.com\/en\/wp-json\/wp\/v2\/media?parent=9539"}],"curies":[{"name":"wp","href":"https:\/\/api.w.org\/{rel}","templated":true}]}}